{"id":120,"date":"2021-08-17T14:01:52","date_gmt":"2021-08-17T14:01:52","guid":{"rendered":"http:\/\/beta.xn--prventionsteam-wrzburg-14b40d.de\/?page_id=120"},"modified":"2022-01-03T19:08:39","modified_gmt":"2022-01-03T18:08:39","slug":"psnv-e-massnahmen-im-bereich-wuerzburg","status":"publish","type":"page","link":"https:\/\/psnv-wuerzburg.de\/?page_id=120","title":{"rendered":"PSNV-E Ma\u00dfnahmen im Bereich W\u00fcrzburg"},"content":{"rendered":"\n<div class=\"wp-block-columns\">\n<div class=\"wp-block-column\">\n<h2 id=\"vorsorge\">Einsatzvorsorge<\/h2>\n\n\n\n<p>Belastende Eins\u00e4tze sind grunds\u00e4tzlich unvermeidbar. Aber als Einsatzkr\u00e4fte k\u00f6nnen wir uns auf sie vorbereiten. Zum einen sch\u00fctzen uns eine fundierte Ausbildung, Einsatzroutine und Erfahrung vor Stress und Belastung. Diese Schutzwirkung ist jedoch in <a href=\"https:\/\/psnv-wuerzburg.de\/?page_id=35\" data-type=\"page\" data-id=\"35\">au\u00dferordentlichen Einsatzsituationen<\/a> ersch\u00f6pft.<\/p>\n\n\n\n<p>Deshalb m\u00fcssen wir \u00fcber weitere Mittel und Wege verf\u00fcgen, um auch belastende Einsatzsituationen zu bew\u00e4ltigen. Grundlegend daf\u00fcr ist zum einen das Wissen, dass es belastende Einsatzsituationen gibt und wie diese erlebt werden. Aber dieses Wissen muss erg\u00e4nzt werde durch pers\u00f6nliche Strategien und Erfahrungen im Umgang mit der negative Verstimmung und der gedankliche Weiterbesch\u00e4ftigung, die typisch f\u00fcr belastende Eins\u00e4tze sind. Es gilt, die individuellen Mittel und Wege im Umgang mit belastenden Einsatzerfahrungen zu st\u00e4rken. Dies erfolgt am besten im Gespr\u00e4ch mit erfahrenen und speziell weitergebildeten Einsatzkr\u00e4ften (Peers).<\/p>\n\n\n\n<p>Deshalb schulen wir als Mitglieder des PSNV-E Teams in der Ausbildung das Wissen zu belastenden Eins\u00e4tzen. Und wir vermitteln pers\u00f6nliche Strategien f\u00fcr den Umgang mit belastenden Eins\u00e4tzen.<\/p>\n<\/div>\n\n\n\n<div class=\"wp-block-column\">\n<h2 id=\"nachsorge\">Einsatznachsorge<\/h2>\n\n\n\n<p>Nach belastenden Eins\u00e4tzen k\u00f6nnen die standardisierten Ma\u00dfnahme der Einsatznachsorge in Anspruch genommen werden. Die Ma\u00dfnahmen entsprechen der psychosozialen Unterst\u00fctzung im Vorgehen nach Mitchell und Everly (Critical Incident Stress Management)<\/p>\n\n\n\n<h5>Einsatznachbesprechung<\/h5>\n\n\n\n<p>Das ist ein Gespr\u00e4ch in einer Gruppe aus eingesetzten Kr\u00e4ften zusammen mit Mitgliedern der PSNV-E (Peers) \u00fcber einen konkreten Einsatz. Das Gespr\u00e4ch erfolgt in den Tagen nach einem belastenden Einsatz und wird durch ein PSNV-E Einsatzteam moderiert. Ziel ist es, allen eingesetzten Kr\u00e4ften ein strukturiertes Forum zu bieten, um sich in der Gruppe \u00fcber das Einsatzgeschehen und den Folgeerscheinungen auszutauschen. Im Gespr\u00e4ch mit den PSNV-E Einsatzteam werden Strategien im Umgang mit Belastung aktualisiert und gest\u00e4rkt.<\/p>\n\n\n\n<h5>Einsatzkurzbesprechung <\/h5>\n\n\n\n<p>Auch diese Form der Einsatznachsorge verfolgt das Ziel, in der Gruppe der eingesetzten Kr\u00e4fte den Umgang mit der belastenden Einsatzsituation zu aktualisieren. Die Einsatzkurzbesprechung wird wiederum angeleitet durch ein PSNV-E Einsatzteam, erfolgt jedoch zeitlich unmittelbarer zum Einsatzabschluss. Die Gruppenbesprechung erfolgt in etwas ver\u00e4nderter Form gegen\u00fcber der Einsatznachbesprechung und hat meist eine k\u00fcrzere Dauer. Sie ist ein Angebot an Einsatzkr\u00e4fte, die unmittelbar nach dem Einsatz eine Einsatzbesprechung w\u00fcnschen.<\/p>\n\n\n\n<h5>Einzelgespr\u00e4che und Beratung f\u00fcr Einsatz- und F\u00fchrungskr\u00e4fte<\/h5>\n\n\n\n<p>Mitglieder der PSNV-E stehen jederzeit bei Fragen zum Umgang mit belastenden Einsatzsituationen zur Verf\u00fcgung. Konkrete Eins\u00e4tze k\u00f6nnen in einem individuellen Gespr\u00e4ch thematisiert werden mit dem Ziel, Verst\u00e4ndnis f\u00fcr die gegebene Situation zu schaffen und individuelle Mittel und Wege im Umgang damit zu finden. Zum anderen stehet die PSNV-E f\u00fcr allgemeine Fragen zur Verf\u00fcgung und kann auch durch F\u00fchrungskr\u00e4fte zur Beratung in Anspruch genommen werden.<\/p>\n<\/div>\n<\/div>\n\n\n\n<p><em>Foto: Johanniter Bev\u00f6lkerungsschutz<\/em><\/p>\n","protected":false},"excerpt":{"rendered":"<p>Einsatzvorsorge Belastende Eins\u00e4tze sind grunds\u00e4tzlich unvermeidbar. Aber als Einsatzkr\u00e4fte k\u00f6nnen wir uns auf sie vorbereiten. Zum einen sch\u00fctzen uns eine fundierte Ausbildung, Einsatzroutine und Erfahrung vor Stress und Belastung. Diese Schutzwirkung ist jedoch in au\u00dferordentlichen Einsatzsituationen ersch\u00f6pft. Deshalb m\u00fcssen wir \u00fcber weitere Mittel und Wege verf\u00fcgen, um auch belastende Einsatzsituationen zu bew\u00e4ltigen. Grundlegend daf\u00fcr ist &hellip; <a href=\"https:\/\/psnv-wuerzburg.de\/?page_id=120\" class=\"more-link\"><span class=\"screen-reader-text\">PSNV-E Ma\u00dfnahmen im Bereich W\u00fcrzburg<\/span> weiterlesen<\/a><\/p>\n","protected":false},"author":1,"featured_media":348,"parent":16,"menu_order":0,"comment_status":"closed","ping_status":"closed","template":"page-templates\/full-width-page.php","meta":[],"yoast_head":"<!-- This site is optimized with the Yoast SEO plugin v19.4 - https:\/\/yoast.com\/wordpress\/plugins\/seo\/ -->\n<title>PSNV-E Ma\u00dfnahmen im Bereich W\u00fcrzburg - PSNV W\u00fcrzburg<\/title>\n<meta name=\"description\" content=\"Psychosoziale Notfallversorgung, Notfallseelsorge, Schlimmer Einsatz, Schwerer Einsatz, Seelsorge nach Suizid, Seelsorge nach Todesnachricht, Todesnachricht, Notfallseelsorge, PTBS, Ich hab etwas Schlimmes erlebt, Einsatznachsorge, Seelsorgerliche Begleitung\" \/>\n<meta name=\"robots\" content=\"index, follow, max-snippet:-1, max-image-preview:large, max-video-preview:-1\" \/>\n<link rel=\"canonical\" href=\"https:\/\/psnv-wuerzburg.de\/?page_id=120\" \/>\n<meta property=\"og:locale\" content=\"de_DE\" \/>\n<meta property=\"og:type\" content=\"article\" \/>\n<meta property=\"og:title\" content=\"PSNV-E Ma\u00dfnahmen im Bereich W\u00fcrzburg - PSNV W\u00fcrzburg\" \/>\n<meta property=\"og:description\" content=\"Psychosoziale Notfallversorgung, Notfallseelsorge, Schlimmer Einsatz, Schwerer Einsatz, Seelsorge nach Suizid, Seelsorge nach Todesnachricht, Todesnachricht, Notfallseelsorge, PTBS, Ich hab etwas Schlimmes erlebt, Einsatznachsorge, Seelsorgerliche Begleitung\" \/>\n<meta property=\"og:url\" content=\"https:\/\/psnv-wuerzburg.de\/?page_id=120\" \/>\n<meta property=\"og:site_name\" content=\"PSNV W\u00fcrzburg\" \/>\n<meta property=\"article:modified_time\" content=\"2022-01-03T18:08:39+00:00\" \/>\n<meta property=\"og:image\" content=\"https:\/\/psnv-wuerzburg.de\/wp-content\/uploads\/2022\/01\/csm_Johanniter_Bevoelkerungsschutz_PSNV_2_dd9a0b773f.jpg\" \/>\n\t<meta property=\"og:image:width\" content=\"840\" \/>\n\t<meta property=\"og:image:height\" content=\"560\" \/>\n\t<meta property=\"og:image:type\" content=\"image\/jpeg\" \/>\n<meta name=\"twitter:card\" content=\"summary_large_image\" \/>\n<meta name=\"twitter:label1\" content=\"Gesch\u00e4tzte Lesezeit\" \/>\n\t<meta name=\"twitter:data1\" content=\"2\u00a0Minuten\" \/>\n<script type=\"application\/ld+json\" class=\"yoast-schema-graph\">{\"@context\":\"https:\/\/schema.org\",\"@graph\":[{\"@type\":\"WebSite\",\"@id\":\"https:\/\/psnv-wuerzburg.de\/#website\",\"url\":\"https:\/\/psnv-wuerzburg.de\/\",\"name\":\"PSNV W\u00fcrzburg\",\"description\":\"Psychosoziale Notfallversorgung (PSNV) definiert die Ma\u00dfnahmen und Strukturen f\u00fcr belastende Notf\u00e4lle und Einsatzsituationen\",\"potentialAction\":[{\"@type\":\"SearchAction\",\"target\":{\"@type\":\"EntryPoint\",\"urlTemplate\":\"https:\/\/psnv-wuerzburg.de\/?s={search_term_string}\"},\"query-input\":\"required name=search_term_string\"}],\"inLanguage\":\"de\"},{\"@type\":\"WebPage\",\"@id\":\"https:\/\/psnv-wuerzburg.de\/?page_id=120\",\"url\":\"https:\/\/psnv-wuerzburg.de\/?page_id=120\",\"name\":\"PSNV-E Ma\u00dfnahmen im Bereich W\u00fcrzburg - PSNV W\u00fcrzburg\",\"isPartOf\":{\"@id\":\"https:\/\/psnv-wuerzburg.de\/#website\"},\"datePublished\":\"2021-08-17T14:01:52+00:00\",\"dateModified\":\"2022-01-03T18:08:39+00:00\",\"description\":\"Psychosoziale Notfallversorgung, Notfallseelsorge, Schlimmer Einsatz, Schwerer Einsatz, Seelsorge nach Suizid, Seelsorge nach Todesnachricht, Todesnachricht, Notfallseelsorge, PTBS, Ich hab etwas Schlimmes erlebt, Einsatznachsorge, Seelsorgerliche Begleitung\",\"breadcrumb\":{\"@id\":\"https:\/\/psnv-wuerzburg.de\/?page_id=120#breadcrumb\"},\"inLanguage\":\"de\",\"potentialAction\":[{\"@type\":\"ReadAction\",\"target\":[\"https:\/\/psnv-wuerzburg.de\/?page_id=120\"]}]},{\"@type\":\"BreadcrumbList\",\"@id\":\"https:\/\/psnv-wuerzburg.de\/?page_id=120#breadcrumb\",\"itemListElement\":[{\"@type\":\"ListItem\",\"position\":1,\"name\":\"Startseite\",\"item\":\"https:\/\/psnv-wuerzburg.de\/\"},{\"@type\":\"ListItem\",\"position\":2,\"name\":\"PSNV im Bereich W\u00fcrzburg\",\"item\":\"https:\/\/psnv-wuerzburg.de\/\"},{\"@type\":\"ListItem\",\"position\":3,\"name\":\"PSNV-E f\u00fcr Einsatzkr\u00e4fte\",\"item\":\"https:\/\/psnv-wuerzburg.de\/?page_id=16\"},{\"@type\":\"ListItem\",\"position\":4,\"name\":\"PSNV-E Ma\u00dfnahmen im Bereich W\u00fcrzburg\"}]},{\"@type\":\"Person\",\"@id\":\"https:\/\/psnv-wuerzburg.de\/#\/schema\/person\/1543b71d102eff1159cff1a6652d421d\",\"name\":\"ptwadmin\",\"image\":{\"@type\":\"ImageObject\",\"inLanguage\":\"de\",\"@id\":\"https:\/\/psnv-wuerzburg.de\/#\/schema\/person\/image\/\",\"url\":\"https:\/\/secure.gravatar.com\/avatar\/808f49732d9c033b5550e3f675d4e948?s=96&d=mm&r=g\",\"contentUrl\":\"https:\/\/secure.gravatar.com\/avatar\/808f49732d9c033b5550e3f675d4e948?s=96&d=mm&r=g\",\"caption\":\"ptwadmin\"},\"url\":\"https:\/\/psnv-wuerzburg.de\/?author=1\"}]}<\/script>\n<!-- \/ Yoast SEO plugin. -->","yoast_head_json":{"title":"PSNV-E Ma\u00dfnahmen im Bereich W\u00fcrzburg - PSNV W\u00fcrzburg","description":"Psychosoziale Notfallversorgung, Notfallseelsorge, Schlimmer Einsatz, Schwerer Einsatz, Seelsorge nach Suizid, Seelsorge nach Todesnachricht, Todesnachricht, Notfallseelsorge, PTBS, Ich hab etwas Schlimmes erlebt, Einsatznachsorge, Seelsorgerliche Begleitung","robots":{"index":"index","follow":"follow","max-snippet":"max-snippet:-1","max-image-preview":"max-image-preview:large","max-video-preview":"max-video-preview:-1"},"canonical":"https:\/\/psnv-wuerzburg.de\/?page_id=120","og_locale":"de_DE","og_type":"article","og_title":"PSNV-E Ma\u00dfnahmen im Bereich W\u00fcrzburg - PSNV W\u00fcrzburg","og_description":"Psychosoziale Notfallversorgung, Notfallseelsorge, Schlimmer Einsatz, Schwerer Einsatz, Seelsorge nach Suizid, Seelsorge nach Todesnachricht, Todesnachricht, Notfallseelsorge, PTBS, Ich hab etwas Schlimmes erlebt, Einsatznachsorge, Seelsorgerliche Begleitung","og_url":"https:\/\/psnv-wuerzburg.de\/?page_id=120","og_site_name":"PSNV W\u00fcrzburg","article_modified_time":"2022-01-03T18:08:39+00:00","og_image":[{"width":840,"height":560,"url":"https:\/\/psnv-wuerzburg.de\/wp-content\/uploads\/2022\/01\/csm_Johanniter_Bevoelkerungsschutz_PSNV_2_dd9a0b773f.jpg","type":"image\/jpeg"}],"twitter_card":"summary_large_image","twitter_misc":{"Gesch\u00e4tzte Lesezeit":"2\u00a0Minuten"},"schema":{"@context":"https:\/\/schema.org","@graph":[{"@type":"WebSite","@id":"https:\/\/psnv-wuerzburg.de\/#website","url":"https:\/\/psnv-wuerzburg.de\/","name":"PSNV W\u00fcrzburg","description":"Psychosoziale Notfallversorgung (PSNV) definiert die Ma\u00dfnahmen und Strukturen f\u00fcr belastende Notf\u00e4lle und Einsatzsituationen","potentialAction":[{"@type":"SearchAction","target":{"@type":"EntryPoint","urlTemplate":"https:\/\/psnv-wuerzburg.de\/?s={search_term_string}"},"query-input":"required name=search_term_string"}],"inLanguage":"de"},{"@type":"WebPage","@id":"https:\/\/psnv-wuerzburg.de\/?page_id=120","url":"https:\/\/psnv-wuerzburg.de\/?page_id=120","name":"PSNV-E Ma\u00dfnahmen im Bereich W\u00fcrzburg - PSNV W\u00fcrzburg","isPartOf":{"@id":"https:\/\/psnv-wuerzburg.de\/#website"},"datePublished":"2021-08-17T14:01:52+00:00","dateModified":"2022-01-03T18:08:39+00:00","description":"Psychosoziale Notfallversorgung, Notfallseelsorge, Schlimmer Einsatz, Schwerer Einsatz, Seelsorge nach Suizid, Seelsorge nach Todesnachricht, Todesnachricht, Notfallseelsorge, PTBS, Ich hab etwas Schlimmes erlebt, Einsatznachsorge, Seelsorgerliche Begleitung","breadcrumb":{"@id":"https:\/\/psnv-wuerzburg.de\/?page_id=120#breadcrumb"},"inLanguage":"de","potentialAction":[{"@type":"ReadAction","target":["https:\/\/psnv-wuerzburg.de\/?page_id=120"]}]},{"@type":"BreadcrumbList","@id":"https:\/\/psnv-wuerzburg.de\/?page_id=120#breadcrumb","itemListElement":[{"@type":"ListItem","position":1,"name":"Startseite","item":"https:\/\/psnv-wuerzburg.de\/"},{"@type":"ListItem","position":2,"name":"PSNV im Bereich W\u00fcrzburg","item":"https:\/\/psnv-wuerzburg.de\/"},{"@type":"ListItem","position":3,"name":"PSNV-E f\u00fcr Einsatzkr\u00e4fte","item":"https:\/\/psnv-wuerzburg.de\/?page_id=16"},{"@type":"ListItem","position":4,"name":"PSNV-E Ma\u00dfnahmen im Bereich W\u00fcrzburg"}]},{"@type":"Person","@id":"https:\/\/psnv-wuerzburg.de\/#\/schema\/person\/1543b71d102eff1159cff1a6652d421d","name":"ptwadmin","image":{"@type":"ImageObject","inLanguage":"de","@id":"https:\/\/psnv-wuerzburg.de\/#\/schema\/person\/image\/","url":"https:\/\/secure.gravatar.com\/avatar\/808f49732d9c033b5550e3f675d4e948?s=96&d=mm&r=g","contentUrl":"https:\/\/secure.gravatar.com\/avatar\/808f49732d9c033b5550e3f675d4e948?s=96&d=mm&r=g","caption":"ptwadmin"},"url":"https:\/\/psnv-wuerzburg.de\/?author=1"}]}},"_links":{"self":[{"href":"https:\/\/psnv-wuerzburg.de\/index.php?rest_route=\/wp\/v2\/pages\/120"}],"collection":[{"href":"https:\/\/psnv-wuerzburg.de\/index.php?rest_route=\/wp\/v2\/pages"}],"about":[{"href":"https:\/\/psnv-wuerzburg.de\/index.php?rest_route=\/wp\/v2\/types\/page"}],"author":[{"embeddable":true,"href":"https:\/\/psnv-wuerzburg.de\/index.php?rest_route=\/wp\/v2\/users\/1"}],"replies":[{"embeddable":true,"href":"https:\/\/psnv-wuerzburg.de\/index.php?rest_route=%2Fwp%2Fv2%2Fcomments&post=120"}],"version-history":[{"count":16,"href":"https:\/\/psnv-wuerzburg.de\/index.php?rest_route=\/wp\/v2\/pages\/120\/revisions"}],"predecessor-version":[{"id":367,"href":"https:\/\/psnv-wuerzburg.de\/index.php?rest_route=\/wp\/v2\/pages\/120\/revisions\/367"}],"up":[{"embeddable":true,"href":"https:\/\/psnv-wuerzburg.de\/index.php?rest_route=\/wp\/v2\/pages\/16"}],"wp:featuredmedia":[{"embeddable":true,"href":"https:\/\/psnv-wuerzburg.de\/index.php?rest_route=\/wp\/v2\/media\/348"}],"wp:attachment":[{"href":"https:\/\/psnv-wuerzburg.de\/index.php?rest_route=%2Fwp%2Fv2%2Fmedia&parent=120"}],"curies":[{"name":"wp","href":"https:\/\/api.w.org\/{rel}","templated":true}]}}