{"id":14,"date":"2019-10-25T15:45:30","date_gmt":"2019-10-25T15:45:30","guid":{"rendered":"http:\/\/beta.xn--prventionsteam-wrzburg-14b40d.de\/?page_id=14"},"modified":"2022-01-03T17:53:15","modified_gmt":"2022-01-03T16:53:15","slug":"betroffene","status":"publish","type":"page","link":"https:\/\/psnv-wuerzburg.de\/?page_id=14","title":{"rendered":"PSNV-B f\u00fcr betroffene Personen"},"content":{"rendered":"\n<blockquote class=\"wp-block-quote\"><p>PSNV-B \u2013 die Abk\u00fcrzung steht f\u00fcr Psychosoziale Notfallversorgung (PSNV) speziell f\u00fcr Betroffene (-B). In Stadt und Landkreis W\u00fcrzburg ist es auch Notfallseelsorge.<\/p><\/blockquote>\n\n\n\n<div class=\"wp-block-image\"><figure class=\"alignright size-large is-resized\"><img loading=\"lazy\" src=\"https:\/\/psnv-wuerzburg.de\/wp-content\/uploads\/2021\/10\/nfs_logo-705x1024.png\" alt=\"\" class=\"wp-image-246\" width=\"206\" height=\"299\" srcset=\"https:\/\/psnv-wuerzburg.de\/wp-content\/uploads\/2021\/10\/nfs_logo-705x1024.png 705w, https:\/\/psnv-wuerzburg.de\/wp-content\/uploads\/2021\/10\/nfs_logo-207x300.png 207w, https:\/\/psnv-wuerzburg.de\/wp-content\/uploads\/2021\/10\/nfs_logo-648x941.png 648w, https:\/\/psnv-wuerzburg.de\/wp-content\/uploads\/2021\/10\/nfs_logo-132x192.png 132w, https:\/\/psnv-wuerzburg.de\/wp-content\/uploads\/2021\/10\/nfs_logo.png 711w\" sizes=\"(max-width: 206px) 100vw, 206px\" \/><\/figure><\/div>\n\n\n\n<p>In manchen F\u00e4llen reichen technische und medizinische Hilfe nicht, um Wunden zu heilen.<br>Mit den belastenden Erlebnissen umzugehen, brauchen Betroffene seelische Unterst\u00fctzung.<br>In der Psychosozialen Notfallversorgung (PSNV-B) engagieren sich Haupt- und Ehrenamtliche. Sie stehen allen Menschen bei schlimmen Ereignissen zur Seite. Sie begleiten auch die Gedanken auf die kommenden Auswirkungen, die oft in viele Bereiche des Lebens, wie Schule oder Arbeitsstelle hineinreichen.<br>Die PSNV-B-Kr\u00e4fte in Stadt und Landkreis W\u00fcrzburg haben einen christlichen Hintergrund.<\/p>\n\n\n\n<p>Die PSNV-B richtet sich an direkt betroffene Personen von Notfallsituationen. Sie ist in den ersten Stunden an der Seite der Betroffenen mit Zeit und Beistand. Sie ist gut vernetzt mit weiteren unterst\u00fctzenden Einrichtungen (Schulseelsorge, Krankenhausseelsorge, Beratungsstellen) und kann Orientierung f\u00fcr die Folgezeit geben.<\/p>\n\n\n\n<div class=\"wp-block-columns\"><\/div>\n\n\n\n<div class=\"wp-block-columns\">\n<div class=\"wp-block-column is-vertically-aligned-center\">\n<div class=\"wp-block-buttons\">\n<div class=\"wp-block-button has-custom-width wp-block-button__width-100 is-style-fill\"><a class=\"wp-block-button__link has-background no-border-radius\" href=\"https:\/\/psnv-wuerzburg.de\/?page_id=226\" style=\"background-color:#182983\"> Erreichbarkeit und Kontakt<\/a><\/div>\n<\/div>\n<\/div>\n\n\n\n<div class=\"wp-block-column is-vertically-aligned-center\">\n<div class=\"wp-block-buttons\">\n<div class=\"wp-block-button has-custom-width wp-block-button__width-100\"><a class=\"wp-block-button__link has-background no-border-radius\" href=\"https:\/\/psnv-wuerzburg.de\/?page_id=240\" style=\"background-color:#182983\"> Engagement <\/a><\/div>\n<\/div>\n<\/div>\n\n\n\n<div class=\"wp-block-column is-vertically-aligned-center\">\n<div class=\"wp-block-buttons\">\n<div class=\"wp-block-button has-custom-width wp-block-button__width-100\"><a class=\"wp-block-button__link has-background\" href=\"https:\/\/psnv-wuerzburg.de\/?page_id=234\" style=\"border-radius:2px;background-color:#182983\"> Struktur<\/a><\/div>\n<\/div>\n<\/div>\n<\/div>\n\n\n\n<p><em>Foto: Patrizia Renninger<\/em><\/p>\n","protected":false},"excerpt":{"rendered":"<p>PSNV-B<br \/>\ndie Abk\u00fcrzung steht f\u00fcr Psychosoziale Notfallversorgung (PSNV) speziell f\u00fcr Betroffene (-B)<\/p>\n","protected":false},"author":1,"featured_media":82,"parent":2,"menu_order":0,"comment_status":"closed","ping_status":"closed","template":"page-templates\/full-width-page.php","meta":[],"yoast_head":"<!-- This site is optimized with the Yoast SEO plugin v19.4 - https:\/\/yoast.com\/wordpress\/plugins\/seo\/ -->\n<title>PSNV-B f\u00fcr betroffene Personen - PSNV W\u00fcrzburg<\/title>\n<meta name=\"description\" content=\"Psychosoziale Notfallversorgung, Notfallseelsorge, Schlimmer Einsatz, Schwerer Einsatz, Seelsorge nach Suizid, Seelsorge nach Todesnachricht, Todesnachricht, Notfallseelsorge, PTBS, Ich hab etwas Schlimmes erlebt, Einsatznachsorge, Seelsorgerliche Begleitung\" \/>\n<meta name=\"robots\" content=\"index, follow, max-snippet:-1, max-image-preview:large, max-video-preview:-1\" \/>\n<link rel=\"canonical\" href=\"https:\/\/psnv-wuerzburg.de\/?page_id=14\" \/>\n<meta property=\"og:locale\" content=\"de_DE\" \/>\n<meta property=\"og:type\" content=\"article\" \/>\n<meta property=\"og:title\" content=\"PSNV-B f\u00fcr betroffene Personen - PSNV W\u00fcrzburg\" \/>\n<meta property=\"og:description\" content=\"Psychosoziale Notfallversorgung, Notfallseelsorge, Schlimmer Einsatz, Schwerer Einsatz, Seelsorge nach Suizid, Seelsorge nach Todesnachricht, Todesnachricht, Notfallseelsorge, PTBS, Ich hab etwas Schlimmes erlebt, Einsatznachsorge, Seelsorgerliche Begleitung\" \/>\n<meta property=\"og:url\" content=\"https:\/\/psnv-wuerzburg.de\/?page_id=14\" \/>\n<meta property=\"og:site_name\" content=\"PSNV W\u00fcrzburg\" \/>\n<meta property=\"article:modified_time\" content=\"2022-01-03T16:53:15+00:00\" \/>\n<meta property=\"og:image\" content=\"https:\/\/psnv-wuerzburg.de\/wp-content\/uploads\/2021\/08\/PSNV-Yvonne-Wagner_Trostgespr\u00e4ch-scaled.jpg\" \/>\n\t<meta property=\"og:image:width\" content=\"2560\" \/>\n\t<meta property=\"og:image:height\" content=\"1920\" \/>\n\t<meta property=\"og:image:type\" content=\"image\/jpeg\" \/>\n<meta name=\"twitter:card\" content=\"summary_large_image\" \/>\n<meta name=\"twitter:label1\" content=\"Gesch\u00e4tzte Lesezeit\" \/>\n\t<meta name=\"twitter:data1\" content=\"1\u00a0Minute\" \/>\n<script type=\"application\/ld+json\" class=\"yoast-schema-graph\">{\"@context\":\"https:\/\/schema.org\",\"@graph\":[{\"@type\":\"WebSite\",\"@id\":\"https:\/\/psnv-wuerzburg.de\/#website\",\"url\":\"https:\/\/psnv-wuerzburg.de\/\",\"name\":\"PSNV W\u00fcrzburg\",\"description\":\"Psychosoziale Notfallversorgung (PSNV) definiert die Ma\u00dfnahmen und Strukturen f\u00fcr belastende Notf\u00e4lle und Einsatzsituationen\",\"potentialAction\":[{\"@type\":\"SearchAction\",\"target\":{\"@type\":\"EntryPoint\",\"urlTemplate\":\"https:\/\/psnv-wuerzburg.de\/?s={search_term_string}\"},\"query-input\":\"required name=search_term_string\"}],\"inLanguage\":\"de\"},{\"@type\":\"WebPage\",\"@id\":\"https:\/\/psnv-wuerzburg.de\/?page_id=14\",\"url\":\"https:\/\/psnv-wuerzburg.de\/?page_id=14\",\"name\":\"PSNV-B f\u00fcr betroffene Personen - PSNV W\u00fcrzburg\",\"isPartOf\":{\"@id\":\"https:\/\/psnv-wuerzburg.de\/#website\"},\"datePublished\":\"2019-10-25T15:45:30+00:00\",\"dateModified\":\"2022-01-03T16:53:15+00:00\",\"description\":\"Psychosoziale Notfallversorgung, Notfallseelsorge, Schlimmer Einsatz, Schwerer Einsatz, Seelsorge nach Suizid, Seelsorge nach Todesnachricht, Todesnachricht, Notfallseelsorge, PTBS, Ich hab etwas Schlimmes erlebt, Einsatznachsorge, Seelsorgerliche Begleitung\",\"breadcrumb\":{\"@id\":\"https:\/\/psnv-wuerzburg.de\/?page_id=14#breadcrumb\"},\"inLanguage\":\"de\",\"potentialAction\":[{\"@type\":\"ReadAction\",\"target\":[\"https:\/\/psnv-wuerzburg.de\/?page_id=14\"]}]},{\"@type\":\"BreadcrumbList\",\"@id\":\"https:\/\/psnv-wuerzburg.de\/?page_id=14#breadcrumb\",\"itemListElement\":[{\"@type\":\"ListItem\",\"position\":1,\"name\":\"Startseite\",\"item\":\"https:\/\/psnv-wuerzburg.de\/\"},{\"@type\":\"ListItem\",\"position\":2,\"name\":\"PSNV im Bereich W\u00fcrzburg\",\"item\":\"https:\/\/psnv-wuerzburg.de\/\"},{\"@type\":\"ListItem\",\"position\":3,\"name\":\"PSNV-B f\u00fcr betroffene Personen\"}]},{\"@type\":\"Person\",\"@id\":\"https:\/\/psnv-wuerzburg.de\/#\/schema\/person\/1543b71d102eff1159cff1a6652d421d\",\"name\":\"ptwadmin\",\"image\":{\"@type\":\"ImageObject\",\"inLanguage\":\"de\",\"@id\":\"https:\/\/psnv-wuerzburg.de\/#\/schema\/person\/image\/\",\"url\":\"https:\/\/secure.gravatar.com\/avatar\/808f49732d9c033b5550e3f675d4e948?s=96&d=mm&r=g\",\"contentUrl\":\"https:\/\/secure.gravatar.com\/avatar\/808f49732d9c033b5550e3f675d4e948?s=96&d=mm&r=g\",\"caption\":\"ptwadmin\"},\"url\":\"https:\/\/psnv-wuerzburg.de\/?author=1\"}]}<\/script>\n<!-- \/ Yoast SEO plugin. -->","yoast_head_json":{"title":"PSNV-B f\u00fcr betroffene Personen - PSNV W\u00fcrzburg","description":"Psychosoziale Notfallversorgung, Notfallseelsorge, Schlimmer Einsatz, Schwerer Einsatz, Seelsorge nach Suizid, Seelsorge nach Todesnachricht, Todesnachricht, Notfallseelsorge, PTBS, Ich hab etwas Schlimmes erlebt, Einsatznachsorge, Seelsorgerliche Begleitung","robots":{"index":"index","follow":"follow","max-snippet":"max-snippet:-1","max-image-preview":"max-image-preview:large","max-video-preview":"max-video-preview:-1"},"canonical":"https:\/\/psnv-wuerzburg.de\/?page_id=14","og_locale":"de_DE","og_type":"article","og_title":"PSNV-B f\u00fcr betroffene Personen - PSNV W\u00fcrzburg","og_description":"Psychosoziale Notfallversorgung, Notfallseelsorge, Schlimmer Einsatz, Schwerer Einsatz, Seelsorge nach Suizid, Seelsorge nach Todesnachricht, Todesnachricht, Notfallseelsorge, PTBS, Ich hab etwas Schlimmes erlebt, Einsatznachsorge, Seelsorgerliche Begleitung","og_url":"https:\/\/psnv-wuerzburg.de\/?page_id=14","og_site_name":"PSNV W\u00fcrzburg","article_modified_time":"2022-01-03T16:53:15+00:00","og_image":[{"width":2560,"height":1920,"url":"https:\/\/psnv-wuerzburg.de\/wp-content\/uploads\/2021\/08\/PSNV-Yvonne-Wagner_Trostgespr\u00e4ch-scaled.jpg","type":"image\/jpeg"}],"twitter_card":"summary_large_image","twitter_misc":{"Gesch\u00e4tzte Lesezeit":"1\u00a0Minute"},"schema":{"@context":"https:\/\/schema.org","@graph":[{"@type":"WebSite","@id":"https:\/\/psnv-wuerzburg.de\/#website","url":"https:\/\/psnv-wuerzburg.de\/","name":"PSNV W\u00fcrzburg","description":"Psychosoziale Notfallversorgung (PSNV) definiert die Ma\u00dfnahmen und Strukturen f\u00fcr belastende Notf\u00e4lle und Einsatzsituationen","potentialAction":[{"@type":"SearchAction","target":{"@type":"EntryPoint","urlTemplate":"https:\/\/psnv-wuerzburg.de\/?s={search_term_string}"},"query-input":"required name=search_term_string"}],"inLanguage":"de"},{"@type":"WebPage","@id":"https:\/\/psnv-wuerzburg.de\/?page_id=14","url":"https:\/\/psnv-wuerzburg.de\/?page_id=14","name":"PSNV-B f\u00fcr betroffene Personen - PSNV W\u00fcrzburg","isPartOf":{"@id":"https:\/\/psnv-wuerzburg.de\/#website"},"datePublished":"2019-10-25T15:45:30+00:00","dateModified":"2022-01-03T16:53:15+00:00","description":"Psychosoziale Notfallversorgung, Notfallseelsorge, Schlimmer Einsatz, Schwerer Einsatz, Seelsorge nach Suizid, Seelsorge nach Todesnachricht, Todesnachricht, Notfallseelsorge, PTBS, Ich hab etwas Schlimmes erlebt, Einsatznachsorge, Seelsorgerliche Begleitung","breadcrumb":{"@id":"https:\/\/psnv-wuerzburg.de\/?page_id=14#breadcrumb"},"inLanguage":"de","potentialAction":[{"@type":"ReadAction","target":["https:\/\/psnv-wuerzburg.de\/?page_id=14"]}]},{"@type":"BreadcrumbList","@id":"https:\/\/psnv-wuerzburg.de\/?page_id=14#breadcrumb","itemListElement":[{"@type":"ListItem","position":1,"name":"Startseite","item":"https:\/\/psnv-wuerzburg.de\/"},{"@type":"ListItem","position":2,"name":"PSNV im Bereich W\u00fcrzburg","item":"https:\/\/psnv-wuerzburg.de\/"},{"@type":"ListItem","position":3,"name":"PSNV-B f\u00fcr betroffene Personen"}]},{"@type":"Person","@id":"https:\/\/psnv-wuerzburg.de\/#\/schema\/person\/1543b71d102eff1159cff1a6652d421d","name":"ptwadmin","image":{"@type":"ImageObject","inLanguage":"de","@id":"https:\/\/psnv-wuerzburg.de\/#\/schema\/person\/image\/","url":"https:\/\/secure.gravatar.com\/avatar\/808f49732d9c033b5550e3f675d4e948?s=96&d=mm&r=g","contentUrl":"https:\/\/secure.gravatar.com\/avatar\/808f49732d9c033b5550e3f675d4e948?s=96&d=mm&r=g","caption":"ptwadmin"},"url":"https:\/\/psnv-wuerzburg.de\/?author=1"}]}},"_links":{"self":[{"href":"https:\/\/psnv-wuerzburg.de\/index.php?rest_route=\/wp\/v2\/pages\/14"}],"collection":[{"href":"https:\/\/psnv-wuerzburg.de\/index.php?rest_route=\/wp\/v2\/pages"}],"about":[{"href":"https:\/\/psnv-wuerzburg.de\/index.php?rest_route=\/wp\/v2\/types\/page"}],"author":[{"embeddable":true,"href":"https:\/\/psnv-wuerzburg.de\/index.php?rest_route=\/wp\/v2\/users\/1"}],"replies":[{"embeddable":true,"href":"https:\/\/psnv-wuerzburg.de\/index.php?rest_route=%2Fwp%2Fv2%2Fcomments&post=14"}],"version-history":[{"count":28,"href":"https:\/\/psnv-wuerzburg.de\/index.php?rest_route=\/wp\/v2\/pages\/14\/revisions"}],"predecessor-version":[{"id":339,"href":"https:\/\/psnv-wuerzburg.de\/index.php?rest_route=\/wp\/v2\/pages\/14\/revisions\/339"}],"up":[{"embeddable":true,"href":"https:\/\/psnv-wuerzburg.de\/index.php?rest_route=\/wp\/v2\/pages\/2"}],"wp:featuredmedia":[{"embeddable":true,"href":"https:\/\/psnv-wuerzburg.de\/index.php?rest_route=\/wp\/v2\/media\/82"}],"wp:attachment":[{"href":"https:\/\/psnv-wuerzburg.de\/index.php?rest_route=%2Fwp%2Fv2%2Fmedia&parent=14"}],"curies":[{"name":"wp","href":"https:\/\/api.w.org\/{rel}","templated":true}]}}