{"id":2,"date":"2016-05-10T03:48:21","date_gmt":"2016-05-10T03:48:21","guid":{"rendered":"http:\/\/beta.xn--prventionsteam-wrzburg-14b40d.de\/?page_id=2"},"modified":"2022-01-29T19:59:23","modified_gmt":"2022-01-29T18:59:23","slug":"sample-page","status":"publish","type":"page","link":"https:\/\/psnv-wuerzburg.de\/","title":{"rendered":"PSNV im Bereich W\u00fcrzburg"},"content":{"rendered":"\n<blockquote class=\"wp-block-quote has-text-align-center is-style-default\"><p>Psychosoziale Notfallversorgung (PSNV)  definiert die Ma\u00dfnahmen und Strukturen f\u00fcr belastende Notf\u00e4lle und Einsatzsituationen <\/p><cite><sub>(BBK 2011 Qualit\u00e4tsstandards und Leitlinien)<\/sub><\/cite><\/blockquote>\n\n\n\n<p class=\"has-text-align-center\"><\/p>\n\n\n\n<div class=\"wp-block-columns\">\n<div class=\"wp-block-column\">\n<p><strong>Sie suchen akut Rat und Beistand, weil<\/strong>&#8230;<\/p>\n\n\n\n<ul><li>der Rettungsdienst einem Angeh\u00f6rigen nicht mehr helfen konnte?<\/li><li>die Vermisstensuche nach einem Angeh\u00f6rigen l\u00e4uft?<\/li><li>Sie Augenzeug*in geworden sind?<\/li><li>Sie ein schweres Ereignis \u00fcberlebt haben?<\/li><\/ul>\n<\/div>\n\n\n\n<div class=\"wp-block-column\">\n<p><strong>Sie sind Einsatzkraft und&#8230;<\/strong><\/p>\n\n\n\n<ul><li>m\u00f6chten sich \u00fcber die Angebote der PSNV-E informieren<\/li><li>haben eine belastenden Einsatz erlebt<\/li><\/ul>\n<\/div>\n<\/div>\n\n\n\n<div class=\"wp-block-columns\">\n<div class=\"wp-block-column\">\n<div class=\"wp-block-buttons\">\n<div class=\"wp-block-button has-custom-width wp-block-button__width-100\"><a class=\"wp-block-button__link has-background\" href=\"https:\/\/psnv-wuerzburg.de\/?page_id=14\" style=\"border-radius:1px;background-color:#182983\">PSNV-B &#8211; Notfallseelsorge<\/a><\/div>\n<\/div>\n\n\n\n<div class=\"wp-block-image\"><figure class=\"aligncenter size-large is-resized\"><a href=\"https:\/\/psnv-wuerzburg.de\/?page_id=14\"><img loading=\"lazy\" src=\"http:\/\/psnv-wuerzburg.de\/wp-content\/uploads\/2021\/10\/nfs_logo-705x1024.png\" alt=\"\" class=\"wp-image-246\" width=\"124\" height=\"180\" srcset=\"https:\/\/psnv-wuerzburg.de\/wp-content\/uploads\/2021\/10\/nfs_logo-705x1024.png 705w, https:\/\/psnv-wuerzburg.de\/wp-content\/uploads\/2021\/10\/nfs_logo-207x300.png 207w, https:\/\/psnv-wuerzburg.de\/wp-content\/uploads\/2021\/10\/nfs_logo-648x941.png 648w, https:\/\/psnv-wuerzburg.de\/wp-content\/uploads\/2021\/10\/nfs_logo-132x192.png 132w, https:\/\/psnv-wuerzburg.de\/wp-content\/uploads\/2021\/10\/nfs_logo.png 711w\" sizes=\"(max-width: 124px) 100vw, 124px\" \/><\/a><\/figure><\/div>\n<\/div>\n\n\n\n<div class=\"wp-block-column\">\n<div class=\"wp-block-buttons\">\n<div class=\"wp-block-button has-custom-width wp-block-button__width-100\"><a class=\"wp-block-button__link has-background no-border-radius\" href=\"https:\/\/psnv-wuerzburg.de\/?page_id=16\" style=\"background-color:#e3001b\">PSNV-E f\u00fcr Einsatzkr\u00e4fte<\/a><\/div>\n<\/div>\n\n\n\n<div class=\"wp-block-columns\">\n<div class=\"wp-block-column is-vertically-aligned-center\" style=\"flex-basis:100%\">\n<div class=\"wp-block-group\"><div class=\"wp-block-group__inner-container\">\n<div class=\"wp-block-image\"><figure class=\"aligncenter size-full\"><a href=\"https:\/\/psnv-wuerzburg.de\/?page_id=16\"><img loading=\"lazy\" width=\"449\" height=\"235\" src=\"http:\/\/psnv-wuerzburg.de\/wp-content\/uploads\/2022\/01\/org_logos_kompakt.png\" alt=\"\" class=\"wp-image-373\" srcset=\"https:\/\/psnv-wuerzburg.de\/wp-content\/uploads\/2022\/01\/org_logos_kompakt.png 449w, https:\/\/psnv-wuerzburg.de\/wp-content\/uploads\/2022\/01\/org_logos_kompakt-300x157.png 300w, https:\/\/psnv-wuerzburg.de\/wp-content\/uploads\/2022\/01\/org_logos_kompakt-367x192.png 367w\" sizes=\"(max-width: 449px) 100vw, 449px\" \/><\/a><\/figure><\/div>\n<\/div><\/div>\n<\/div>\n<\/div>\n<\/div>\n<\/div>\n\n\n\n<div class=\"wp-block-buttons\">\n<div class=\"wp-block-button has-custom-width wp-block-button__width-100\"><a class=\"wp-block-button__link has-background no-border-radius\" href=\"https:\/\/psnv-wuerzburg.de\/?page_id=92\" style=\"background-color:#a4a4a4\">Arge PSNV f\u00fcr Stadt und Landkreis W\u00fcrzburg<\/a><\/div>\n<\/div>\n\n\n\n<p><em>Foto: Stefan Kr\u00fcger<\/em><\/p>\n","protected":false},"excerpt":{"rendered":"<p>Psychosoziale Notfallversorgung (PSNV) definiert die Ma\u00dfnahmen und Strukturen f\u00fcr belastende Notf\u00e4lle und Einsatzsituationen (BBK 2011 Qualit\u00e4tsstandards und Leitlinien) Sie suchen akut Rat und Beistand, weil&#8230; der Rettungsdienst einem Angeh\u00f6rigen nicht mehr helfen konnte? die Vermisstensuche nach einem Angeh\u00f6rigen l\u00e4uft? Sie Augenzeug*in geworden sind? Sie ein schweres Ereignis \u00fcberlebt haben? Sie sind Einsatzkraft und&#8230; m\u00f6chten sich &hellip; <a href=\"https:\/\/psnv-wuerzburg.de\/\" class=\"more-link\"><span class=\"screen-reader-text\">PSNV im Bereich W\u00fcrzburg<\/span> weiterlesen<\/a><\/p>\n","protected":false},"author":1,"featured_media":12,"parent":0,"menu_order":0,"comment_status":"closed","ping_status":"open","template":"page-templates\/full-width-page.php","meta":[],"yoast_head":"<!-- This site is optimized with the Yoast SEO plugin v19.4 - https:\/\/yoast.com\/wordpress\/plugins\/seo\/ -->\n<title>PSNV im Bereich W\u00fcrzburg - PSNV W\u00fcrzburg<\/title>\n<meta name=\"description\" content=\"Psychosoziale Notfallversorgung, Notfallseelsorge, Schlimmer Einsatz, Schwerer Einsatz, Seelsorge nach Suizid, Seelsorge nach Todesnachricht, Todesnachricht, Notfallseelsorge, PTBS, Ich hab etwas Schlimmes erlebt, Einsatznachsorge, Seelsorgerliche Begleitung\" \/>\n<meta name=\"robots\" content=\"index, follow, max-snippet:-1, max-image-preview:large, max-video-preview:-1\" \/>\n<link rel=\"canonical\" href=\"https:\/\/psnv-wuerzburg.de\/\" \/>\n<meta property=\"og:locale\" content=\"de_DE\" \/>\n<meta property=\"og:type\" content=\"article\" \/>\n<meta property=\"og:title\" content=\"PSNV im Bereich W\u00fcrzburg - PSNV W\u00fcrzburg\" \/>\n<meta property=\"og:description\" content=\"Psychosoziale Notfallversorgung, Notfallseelsorge, Schlimmer Einsatz, Schwerer Einsatz, Seelsorge nach Suizid, Seelsorge nach Todesnachricht, Todesnachricht, Notfallseelsorge, PTBS, Ich hab etwas Schlimmes erlebt, Einsatznachsorge, Seelsorgerliche Begleitung\" \/>\n<meta property=\"og:url\" content=\"https:\/\/psnv-wuerzburg.de\/\" \/>\n<meta property=\"og:site_name\" content=\"PSNV W\u00fcrzburg\" \/>\n<meta property=\"article:modified_time\" content=\"2022-01-29T18:59:23+00:00\" \/>\n<meta property=\"og:image\" content=\"http:\/\/psnv-wuerzburg.de\/wp-content\/uploads\/2019\/10\/wolke3.jpg\" \/>\n\t<meta property=\"og:image:width\" content=\"1600\" \/>\n\t<meta property=\"og:image:height\" content=\"524\" \/>\n\t<meta property=\"og:image:type\" content=\"image\/jpeg\" \/>\n<meta name=\"twitter:card\" content=\"summary_large_image\" \/>\n<meta name=\"twitter:label1\" content=\"Gesch\u00e4tzte Lesezeit\" \/>\n\t<meta name=\"twitter:data1\" content=\"1\u00a0Minute\" \/>\n<script type=\"application\/ld+json\" class=\"yoast-schema-graph\">{\"@context\":\"https:\/\/schema.org\",\"@graph\":[{\"@type\":\"WebSite\",\"@id\":\"https:\/\/psnv-wuerzburg.de\/#website\",\"url\":\"https:\/\/psnv-wuerzburg.de\/\",\"name\":\"PSNV W\u00fcrzburg\",\"description\":\"Psychosoziale Notfallversorgung (PSNV) definiert die Ma\u00dfnahmen und Strukturen f\u00fcr belastende Notf\u00e4lle und Einsatzsituationen\",\"potentialAction\":[{\"@type\":\"SearchAction\",\"target\":{\"@type\":\"EntryPoint\",\"urlTemplate\":\"https:\/\/psnv-wuerzburg.de\/?s={search_term_string}\"},\"query-input\":\"required name=search_term_string\"}],\"inLanguage\":\"de\"},{\"@type\":\"WebPage\",\"@id\":\"https:\/\/psnv-wuerzburg.de\/\",\"url\":\"https:\/\/psnv-wuerzburg.de\/\",\"name\":\"PSNV im Bereich W\u00fcrzburg - PSNV W\u00fcrzburg\",\"isPartOf\":{\"@id\":\"https:\/\/psnv-wuerzburg.de\/#website\"},\"datePublished\":\"2016-05-10T03:48:21+00:00\",\"dateModified\":\"2022-01-29T18:59:23+00:00\",\"description\":\"Psychosoziale Notfallversorgung, Notfallseelsorge, Schlimmer Einsatz, Schwerer Einsatz, Seelsorge nach Suizid, Seelsorge nach Todesnachricht, Todesnachricht, Notfallseelsorge, PTBS, Ich hab etwas Schlimmes erlebt, Einsatznachsorge, Seelsorgerliche Begleitung\",\"breadcrumb\":{\"@id\":\"https:\/\/psnv-wuerzburg.de\/#breadcrumb\"},\"inLanguage\":\"de\",\"potentialAction\":[{\"@type\":\"ReadAction\",\"target\":[\"https:\/\/psnv-wuerzburg.de\/\"]}]},{\"@type\":\"BreadcrumbList\",\"@id\":\"https:\/\/psnv-wuerzburg.de\/#breadcrumb\",\"itemListElement\":[{\"@type\":\"ListItem\",\"position\":1,\"name\":\"Startseite\",\"item\":\"https:\/\/psnv-wuerzburg.de\/\"},{\"@type\":\"ListItem\",\"position\":2,\"name\":\"PSNV im Bereich W\u00fcrzburg\"}]},{\"@type\":\"Person\",\"@id\":\"https:\/\/psnv-wuerzburg.de\/#\/schema\/person\/1543b71d102eff1159cff1a6652d421d\",\"name\":\"ptwadmin\",\"image\":{\"@type\":\"ImageObject\",\"inLanguage\":\"de\",\"@id\":\"https:\/\/psnv-wuerzburg.de\/#\/schema\/person\/image\/\",\"url\":\"https:\/\/secure.gravatar.com\/avatar\/808f49732d9c033b5550e3f675d4e948?s=96&d=mm&r=g\",\"contentUrl\":\"https:\/\/secure.gravatar.com\/avatar\/808f49732d9c033b5550e3f675d4e948?s=96&d=mm&r=g\",\"caption\":\"ptwadmin\"},\"url\":\"https:\/\/psnv-wuerzburg.de\/?author=1\"}]}<\/script>\n<!-- \/ Yoast SEO plugin. -->","yoast_head_json":{"title":"PSNV im Bereich W\u00fcrzburg - PSNV W\u00fcrzburg","description":"Psychosoziale Notfallversorgung, Notfallseelsorge, Schlimmer Einsatz, Schwerer Einsatz, Seelsorge nach Suizid, Seelsorge nach Todesnachricht, Todesnachricht, Notfallseelsorge, PTBS, Ich hab etwas Schlimmes erlebt, Einsatznachsorge, Seelsorgerliche Begleitung","robots":{"index":"index","follow":"follow","max-snippet":"max-snippet:-1","max-image-preview":"max-image-preview:large","max-video-preview":"max-video-preview:-1"},"canonical":"https:\/\/psnv-wuerzburg.de\/","og_locale":"de_DE","og_type":"article","og_title":"PSNV im Bereich W\u00fcrzburg - PSNV W\u00fcrzburg","og_description":"Psychosoziale Notfallversorgung, Notfallseelsorge, Schlimmer Einsatz, Schwerer Einsatz, Seelsorge nach Suizid, Seelsorge nach Todesnachricht, Todesnachricht, Notfallseelsorge, PTBS, Ich hab etwas Schlimmes erlebt, Einsatznachsorge, Seelsorgerliche Begleitung","og_url":"https:\/\/psnv-wuerzburg.de\/","og_site_name":"PSNV W\u00fcrzburg","article_modified_time":"2022-01-29T18:59:23+00:00","og_image":[{"width":1600,"height":524,"url":"http:\/\/psnv-wuerzburg.de\/wp-content\/uploads\/2019\/10\/wolke3.jpg","type":"image\/jpeg"}],"twitter_card":"summary_large_image","twitter_misc":{"Gesch\u00e4tzte Lesezeit":"1\u00a0Minute"},"schema":{"@context":"https:\/\/schema.org","@graph":[{"@type":"WebSite","@id":"https:\/\/psnv-wuerzburg.de\/#website","url":"https:\/\/psnv-wuerzburg.de\/","name":"PSNV W\u00fcrzburg","description":"Psychosoziale Notfallversorgung (PSNV) definiert die Ma\u00dfnahmen und Strukturen f\u00fcr belastende Notf\u00e4lle und Einsatzsituationen","potentialAction":[{"@type":"SearchAction","target":{"@type":"EntryPoint","urlTemplate":"https:\/\/psnv-wuerzburg.de\/?s={search_term_string}"},"query-input":"required name=search_term_string"}],"inLanguage":"de"},{"@type":"WebPage","@id":"https:\/\/psnv-wuerzburg.de\/","url":"https:\/\/psnv-wuerzburg.de\/","name":"PSNV im Bereich W\u00fcrzburg - PSNV W\u00fcrzburg","isPartOf":{"@id":"https:\/\/psnv-wuerzburg.de\/#website"},"datePublished":"2016-05-10T03:48:21+00:00","dateModified":"2022-01-29T18:59:23+00:00","description":"Psychosoziale Notfallversorgung, Notfallseelsorge, Schlimmer Einsatz, Schwerer Einsatz, Seelsorge nach Suizid, Seelsorge nach Todesnachricht, Todesnachricht, Notfallseelsorge, PTBS, Ich hab etwas Schlimmes erlebt, Einsatznachsorge, Seelsorgerliche Begleitung","breadcrumb":{"@id":"https:\/\/psnv-wuerzburg.de\/#breadcrumb"},"inLanguage":"de","potentialAction":[{"@type":"ReadAction","target":["https:\/\/psnv-wuerzburg.de\/"]}]},{"@type":"BreadcrumbList","@id":"https:\/\/psnv-wuerzburg.de\/#breadcrumb","itemListElement":[{"@type":"ListItem","position":1,"name":"Startseite","item":"https:\/\/psnv-wuerzburg.de\/"},{"@type":"ListItem","position":2,"name":"PSNV im Bereich W\u00fcrzburg"}]},{"@type":"Person","@id":"https:\/\/psnv-wuerzburg.de\/#\/schema\/person\/1543b71d102eff1159cff1a6652d421d","name":"ptwadmin","image":{"@type":"ImageObject","inLanguage":"de","@id":"https:\/\/psnv-wuerzburg.de\/#\/schema\/person\/image\/","url":"https:\/\/secure.gravatar.com\/avatar\/808f49732d9c033b5550e3f675d4e948?s=96&d=mm&r=g","contentUrl":"https:\/\/secure.gravatar.com\/avatar\/808f49732d9c033b5550e3f675d4e948?s=96&d=mm&r=g","caption":"ptwadmin"},"url":"https:\/\/psnv-wuerzburg.de\/?author=1"}]}},"_links":{"self":[{"href":"https:\/\/psnv-wuerzburg.de\/index.php?rest_route=\/wp\/v2\/pages\/2"}],"collection":[{"href":"https:\/\/psnv-wuerzburg.de\/index.php?rest_route=\/wp\/v2\/pages"}],"about":[{"href":"https:\/\/psnv-wuerzburg.de\/index.php?rest_route=\/wp\/v2\/types\/page"}],"author":[{"embeddable":true,"href":"https:\/\/psnv-wuerzburg.de\/index.php?rest_route=\/wp\/v2\/users\/1"}],"replies":[{"embeddable":true,"href":"https:\/\/psnv-wuerzburg.de\/index.php?rest_route=%2Fwp%2Fv2%2Fcomments&post=2"}],"version-history":[{"count":75,"href":"https:\/\/psnv-wuerzburg.de\/index.php?rest_route=\/wp\/v2\/pages\/2\/revisions"}],"predecessor-version":[{"id":375,"href":"https:\/\/psnv-wuerzburg.de\/index.php?rest_route=\/wp\/v2\/pages\/2\/revisions\/375"}],"wp:featuredmedia":[{"embeddable":true,"href":"https:\/\/psnv-wuerzburg.de\/index.php?rest_route=\/wp\/v2\/media\/12"}],"wp:attachment":[{"href":"https:\/\/psnv-wuerzburg.de\/index.php?rest_route=%2Fwp%2Fv2%2Fmedia&parent=2"}],"curies":[{"name":"wp","href":"https:\/\/api.w.org\/{rel}","templated":true}]}}