{"id":226,"date":"2021-10-16T19:13:21","date_gmt":"2021-10-16T19:13:21","guid":{"rendered":"http:\/\/beta.xn--prventionsteam-wrzburg-14b40d.de\/?page_id=226"},"modified":"2022-01-03T19:04:08","modified_gmt":"2022-01-03T18:04:08","slug":"erreichbarkeit-und-kontakt-fuer-psnv-b","status":"publish","type":"page","link":"https:\/\/psnv-wuerzburg.de\/?page_id=226","title":{"rendered":"Erreichbarkeit und Kontakt f\u00fcr PSNV-B"},"content":{"rendered":"\n<blockquote class=\"wp-block-quote\"><p>Grunds\u00e4tzlich wird die PSNV-B &#8211; Notfallseelsorge \u00fcber den Notarzt, den Rettungsdienst, Feuerwehr oder Polizei gerufen. Dies geschieht \u00fcber die Leitstelle von Feuerwehr und Rettungsdienst (112).<\/p><\/blockquote>\n\n\n\n<figure class=\"wp-block-image size-large is-style-default\"><img loading=\"lazy\" width=\"1024\" height=\"806\" src=\"https:\/\/psnv-wuerzburg.de\/wp-content\/uploads\/2022\/01\/DSC_0982-scaled-e1641232632394-1024x806.jpg\" alt=\"\" class=\"wp-image-354\" srcset=\"https:\/\/psnv-wuerzburg.de\/wp-content\/uploads\/2022\/01\/DSC_0982-scaled-e1641232632394-1024x806.jpg 1024w, https:\/\/psnv-wuerzburg.de\/wp-content\/uploads\/2022\/01\/DSC_0982-scaled-e1641232632394-300x236.jpg 300w, https:\/\/psnv-wuerzburg.de\/wp-content\/uploads\/2022\/01\/DSC_0982-scaled-e1641232632394-768x605.jpg 768w, https:\/\/psnv-wuerzburg.de\/wp-content\/uploads\/2022\/01\/DSC_0982-scaled-e1641232632394-1536x1209.jpg 1536w, https:\/\/psnv-wuerzburg.de\/wp-content\/uploads\/2022\/01\/DSC_0982-scaled-e1641232632394-648x510.jpg 648w, https:\/\/psnv-wuerzburg.de\/wp-content\/uploads\/2022\/01\/DSC_0982-scaled-e1641232632394-244x192.jpg 244w, https:\/\/psnv-wuerzburg.de\/wp-content\/uploads\/2022\/01\/DSC_0982-scaled-e1641232632394.jpg 1707w\" sizes=\"(max-width: 1024px) 100vw, 1024px\" \/><\/figure>\n\n\n\n<p>Kontakt f\u00fcr grunds\u00e4tzlichen Fragen zur PSNV-B &#8211; Notfallseelsorge<\/p>\n\n\n\n<h4>Fachstelle &#8211; Leitung der di\u00f6zesanen Notfallseelsorge im Bisch\u00f6fliches Ordinariat<\/h4>\n\n\n\n<p>Diakon Ulrich Wagenh\u00e4user<\/p>\n\n\n\n<p>K\u00fcrschnerhof 2<br>97070 W\u00fcrzburg<br>Tel: (09 31) 386 &#8211; 65 402<br>E-Mail: <a href=\"mailto:notfallseelsorge@bistum-wuerzburg.de\" target=\"_blank\" rel=\"noreferrer noopener\">notfallseelsorge@bistum-wuerzburg.de<\/a><\/p>\n\n\n\n<h4>Beauftragter f\u00fcr Notfallseelsorge im evangelisch-lutherischen Dekanat W\u00fcrzburg<\/h4>\n\n\n\n<p>Pfarrer Frank Hofmann-Kasang<\/p>\n\n\n\n<p>Schwarze \u00c4cker 36<br>97273 K\u00fcrnach<br>Telefon 0 93 67 \u2013 98 20 30 1<\/p>\n\n\n\n<p>E-Mail: <a href=\"mailto:evang.estenfeld@t-online.de\">evang.estenfeld@t-online.de<\/a><\/p>\n\n\n\n<p>Weiterf\u00fchrende Links:<\/p>\n\n\n\n<p><a href=\"http:\/\/www.nfs.bistum-wuerzburg.de\">www.nfs.bistum-wuerzburg.de<\/a><\/p>\n\n\n\n<p><a href=\"http:\/\/www.Notfallseelsorge-bayern.de\">www.Notfallseelsorge-bayern.de<\/a><\/p>\n\n\n\n<p><a href=\"http:\/\/www.notfallseelsorge.de\">www.notfallseelsorge.de<\/a><\/p>\n\n\n\n<p><em>Foto: Doku-Team BRK W\u00fcrzburg<\/em><\/p>\n","protected":false},"excerpt":{"rendered":"<p>Grunds\u00e4tzlich wird die PSNV-B &#8211; Notfallseelsorge \u00fcber den Notarzt, den Rettungsdienst, Feuerwehr oder Polizei gerufen. Dies geschieht \u00fcber die Leitstelle von Feuerwehr und Rettungsdienst (112). Kontakt f\u00fcr grunds\u00e4tzlichen Fragen zur PSNV-B &#8211; Notfallseelsorge Fachstelle &#8211; Leitung der di\u00f6zesanen Notfallseelsorge im Bisch\u00f6fliches Ordinariat Diakon Ulrich Wagenh\u00e4user K\u00fcrschnerhof 297070 W\u00fcrzburgTel: (09 31) 386 &#8211; 65 402E-Mail: notfallseelsorge@bistum-wuerzburg.de &hellip; <a href=\"https:\/\/psnv-wuerzburg.de\/?page_id=226\" class=\"more-link\"><span class=\"screen-reader-text\">Erreichbarkeit und Kontakt f\u00fcr PSNV-B<\/span> weiterlesen<\/a><\/p>\n","protected":false},"author":1,"featured_media":232,"parent":14,"menu_order":0,"comment_status":"closed","ping_status":"closed","template":"page-templates\/full-width-page.php","meta":[],"yoast_head":"<!-- This site is optimized with the Yoast SEO plugin v19.4 - https:\/\/yoast.com\/wordpress\/plugins\/seo\/ -->\n<title>Erreichbarkeit und Kontakt f\u00fcr PSNV-B - PSNV W\u00fcrzburg<\/title>\n<meta name=\"description\" content=\"Psychosoziale Notfallversorgung, Notfallseelsorge, Schlimmer Einsatz, Schwerer Einsatz, Seelsorge nach Suizid, Seelsorge nach Todesnachricht, Todesnachricht, Notfallseelsorge, PTBS, Ich hab etwas Schlimmes erlebt, Einsatznachsorge, Seelsorgerliche Begleitung\" \/>\n<meta name=\"robots\" content=\"index, follow, max-snippet:-1, max-image-preview:large, max-video-preview:-1\" \/>\n<link rel=\"canonical\" href=\"https:\/\/psnv-wuerzburg.de\/?page_id=226\" \/>\n<meta property=\"og:locale\" content=\"de_DE\" \/>\n<meta property=\"og:type\" content=\"article\" \/>\n<meta property=\"og:title\" content=\"Erreichbarkeit und Kontakt f\u00fcr PSNV-B - PSNV W\u00fcrzburg\" \/>\n<meta property=\"og:description\" content=\"Psychosoziale Notfallversorgung, Notfallseelsorge, Schlimmer Einsatz, Schwerer Einsatz, Seelsorge nach Suizid, Seelsorge nach Todesnachricht, Todesnachricht, Notfallseelsorge, PTBS, Ich hab etwas Schlimmes erlebt, Einsatznachsorge, Seelsorgerliche Begleitung\" \/>\n<meta property=\"og:url\" content=\"https:\/\/psnv-wuerzburg.de\/?page_id=226\" \/>\n<meta property=\"og:site_name\" content=\"PSNV W\u00fcrzburg\" \/>\n<meta property=\"article:modified_time\" content=\"2022-01-03T18:04:08+00:00\" \/>\n<meta property=\"og:image\" content=\"https:\/\/psnv-wuerzburg.de\/wp-content\/uploads\/2021\/10\/nfsblau.png\" \/>\n\t<meta property=\"og:image:width\" content=\"1920\" \/>\n\t<meta property=\"og:image:height\" content=\"1440\" \/>\n\t<meta property=\"og:image:type\" content=\"image\/png\" \/>\n<meta name=\"twitter:card\" content=\"summary_large_image\" \/>\n<script type=\"application\/ld+json\" class=\"yoast-schema-graph\">{\"@context\":\"https:\/\/schema.org\",\"@graph\":[{\"@type\":\"WebSite\",\"@id\":\"https:\/\/psnv-wuerzburg.de\/#website\",\"url\":\"https:\/\/psnv-wuerzburg.de\/\",\"name\":\"PSNV W\u00fcrzburg\",\"description\":\"Psychosoziale Notfallversorgung (PSNV) definiert die Ma\u00dfnahmen und Strukturen f\u00fcr belastende Notf\u00e4lle und Einsatzsituationen\",\"potentialAction\":[{\"@type\":\"SearchAction\",\"target\":{\"@type\":\"EntryPoint\",\"urlTemplate\":\"https:\/\/psnv-wuerzburg.de\/?s={search_term_string}\"},\"query-input\":\"required name=search_term_string\"}],\"inLanguage\":\"de\"},{\"@type\":\"WebPage\",\"@id\":\"https:\/\/psnv-wuerzburg.de\/?page_id=226\",\"url\":\"https:\/\/psnv-wuerzburg.de\/?page_id=226\",\"name\":\"Erreichbarkeit und Kontakt f\u00fcr PSNV-B - PSNV W\u00fcrzburg\",\"isPartOf\":{\"@id\":\"https:\/\/psnv-wuerzburg.de\/#website\"},\"datePublished\":\"2021-10-16T19:13:21+00:00\",\"dateModified\":\"2022-01-03T18:04:08+00:00\",\"description\":\"Psychosoziale Notfallversorgung, Notfallseelsorge, Schlimmer Einsatz, Schwerer Einsatz, Seelsorge nach Suizid, Seelsorge nach Todesnachricht, Todesnachricht, Notfallseelsorge, PTBS, Ich hab etwas Schlimmes erlebt, Einsatznachsorge, Seelsorgerliche Begleitung\",\"breadcrumb\":{\"@id\":\"https:\/\/psnv-wuerzburg.de\/?page_id=226#breadcrumb\"},\"inLanguage\":\"de\",\"potentialAction\":[{\"@type\":\"ReadAction\",\"target\":[\"https:\/\/psnv-wuerzburg.de\/?page_id=226\"]}]},{\"@type\":\"BreadcrumbList\",\"@id\":\"https:\/\/psnv-wuerzburg.de\/?page_id=226#breadcrumb\",\"itemListElement\":[{\"@type\":\"ListItem\",\"position\":1,\"name\":\"Startseite\",\"item\":\"https:\/\/psnv-wuerzburg.de\/\"},{\"@type\":\"ListItem\",\"position\":2,\"name\":\"PSNV im Bereich W\u00fcrzburg\",\"item\":\"https:\/\/psnv-wuerzburg.de\/\"},{\"@type\":\"ListItem\",\"position\":3,\"name\":\"PSNV-B f\u00fcr betroffene Personen\",\"item\":\"https:\/\/psnv-wuerzburg.de\/?page_id=14\"},{\"@type\":\"ListItem\",\"position\":4,\"name\":\"Erreichbarkeit und Kontakt f\u00fcr PSNV-B\"}]},{\"@type\":\"Person\",\"@id\":\"https:\/\/psnv-wuerzburg.de\/#\/schema\/person\/1543b71d102eff1159cff1a6652d421d\",\"name\":\"ptwadmin\",\"image\":{\"@type\":\"ImageObject\",\"inLanguage\":\"de\",\"@id\":\"https:\/\/psnv-wuerzburg.de\/#\/schema\/person\/image\/\",\"url\":\"https:\/\/secure.gravatar.com\/avatar\/808f49732d9c033b5550e3f675d4e948?s=96&d=mm&r=g\",\"contentUrl\":\"https:\/\/secure.gravatar.com\/avatar\/808f49732d9c033b5550e3f675d4e948?s=96&d=mm&r=g\",\"caption\":\"ptwadmin\"},\"url\":\"https:\/\/psnv-wuerzburg.de\/?author=1\"}]}<\/script>\n<!-- \/ Yoast SEO plugin. -->","yoast_head_json":{"title":"Erreichbarkeit und Kontakt f\u00fcr PSNV-B - PSNV W\u00fcrzburg","description":"Psychosoziale Notfallversorgung, Notfallseelsorge, Schlimmer Einsatz, Schwerer Einsatz, Seelsorge nach Suizid, Seelsorge nach Todesnachricht, Todesnachricht, Notfallseelsorge, PTBS, Ich hab etwas Schlimmes erlebt, Einsatznachsorge, Seelsorgerliche Begleitung","robots":{"index":"index","follow":"follow","max-snippet":"max-snippet:-1","max-image-preview":"max-image-preview:large","max-video-preview":"max-video-preview:-1"},"canonical":"https:\/\/psnv-wuerzburg.de\/?page_id=226","og_locale":"de_DE","og_type":"article","og_title":"Erreichbarkeit und Kontakt f\u00fcr PSNV-B - PSNV W\u00fcrzburg","og_description":"Psychosoziale Notfallversorgung, Notfallseelsorge, Schlimmer Einsatz, Schwerer Einsatz, Seelsorge nach Suizid, Seelsorge nach Todesnachricht, Todesnachricht, Notfallseelsorge, PTBS, Ich hab etwas Schlimmes erlebt, Einsatznachsorge, Seelsorgerliche Begleitung","og_url":"https:\/\/psnv-wuerzburg.de\/?page_id=226","og_site_name":"PSNV W\u00fcrzburg","article_modified_time":"2022-01-03T18:04:08+00:00","og_image":[{"width":1920,"height":1440,"url":"https:\/\/psnv-wuerzburg.de\/wp-content\/uploads\/2021\/10\/nfsblau.png","type":"image\/png"}],"twitter_card":"summary_large_image","schema":{"@context":"https:\/\/schema.org","@graph":[{"@type":"WebSite","@id":"https:\/\/psnv-wuerzburg.de\/#website","url":"https:\/\/psnv-wuerzburg.de\/","name":"PSNV W\u00fcrzburg","description":"Psychosoziale Notfallversorgung (PSNV) definiert die Ma\u00dfnahmen und Strukturen f\u00fcr belastende Notf\u00e4lle und Einsatzsituationen","potentialAction":[{"@type":"SearchAction","target":{"@type":"EntryPoint","urlTemplate":"https:\/\/psnv-wuerzburg.de\/?s={search_term_string}"},"query-input":"required name=search_term_string"}],"inLanguage":"de"},{"@type":"WebPage","@id":"https:\/\/psnv-wuerzburg.de\/?page_id=226","url":"https:\/\/psnv-wuerzburg.de\/?page_id=226","name":"Erreichbarkeit und Kontakt f\u00fcr PSNV-B - PSNV W\u00fcrzburg","isPartOf":{"@id":"https:\/\/psnv-wuerzburg.de\/#website"},"datePublished":"2021-10-16T19:13:21+00:00","dateModified":"2022-01-03T18:04:08+00:00","description":"Psychosoziale Notfallversorgung, Notfallseelsorge, Schlimmer Einsatz, Schwerer Einsatz, Seelsorge nach Suizid, Seelsorge nach Todesnachricht, Todesnachricht, Notfallseelsorge, PTBS, Ich hab etwas Schlimmes erlebt, Einsatznachsorge, Seelsorgerliche Begleitung","breadcrumb":{"@id":"https:\/\/psnv-wuerzburg.de\/?page_id=226#breadcrumb"},"inLanguage":"de","potentialAction":[{"@type":"ReadAction","target":["https:\/\/psnv-wuerzburg.de\/?page_id=226"]}]},{"@type":"BreadcrumbList","@id":"https:\/\/psnv-wuerzburg.de\/?page_id=226#breadcrumb","itemListElement":[{"@type":"ListItem","position":1,"name":"Startseite","item":"https:\/\/psnv-wuerzburg.de\/"},{"@type":"ListItem","position":2,"name":"PSNV im Bereich W\u00fcrzburg","item":"https:\/\/psnv-wuerzburg.de\/"},{"@type":"ListItem","position":3,"name":"PSNV-B f\u00fcr betroffene Personen","item":"https:\/\/psnv-wuerzburg.de\/?page_id=14"},{"@type":"ListItem","position":4,"name":"Erreichbarkeit und Kontakt f\u00fcr PSNV-B"}]},{"@type":"Person","@id":"https:\/\/psnv-wuerzburg.de\/#\/schema\/person\/1543b71d102eff1159cff1a6652d421d","name":"ptwadmin","image":{"@type":"ImageObject","inLanguage":"de","@id":"https:\/\/psnv-wuerzburg.de\/#\/schema\/person\/image\/","url":"https:\/\/secure.gravatar.com\/avatar\/808f49732d9c033b5550e3f675d4e948?s=96&d=mm&r=g","contentUrl":"https:\/\/secure.gravatar.com\/avatar\/808f49732d9c033b5550e3f675d4e948?s=96&d=mm&r=g","caption":"ptwadmin"},"url":"https:\/\/psnv-wuerzburg.de\/?author=1"}]}},"_links":{"self":[{"href":"https:\/\/psnv-wuerzburg.de\/index.php?rest_route=\/wp\/v2\/pages\/226"}],"collection":[{"href":"https:\/\/psnv-wuerzburg.de\/index.php?rest_route=\/wp\/v2\/pages"}],"about":[{"href":"https:\/\/psnv-wuerzburg.de\/index.php?rest_route=\/wp\/v2\/types\/page"}],"author":[{"embeddable":true,"href":"https:\/\/psnv-wuerzburg.de\/index.php?rest_route=\/wp\/v2\/users\/1"}],"replies":[{"embeddable":true,"href":"https:\/\/psnv-wuerzburg.de\/index.php?rest_route=%2Fwp%2Fv2%2Fcomments&post=226"}],"version-history":[{"count":9,"href":"https:\/\/psnv-wuerzburg.de\/index.php?rest_route=\/wp\/v2\/pages\/226\/revisions"}],"predecessor-version":[{"id":362,"href":"https:\/\/psnv-wuerzburg.de\/index.php?rest_route=\/wp\/v2\/pages\/226\/revisions\/362"}],"up":[{"embeddable":true,"href":"https:\/\/psnv-wuerzburg.de\/index.php?rest_route=\/wp\/v2\/pages\/14"}],"wp:featuredmedia":[{"embeddable":true,"href":"https:\/\/psnv-wuerzburg.de\/index.php?rest_route=\/wp\/v2\/media\/232"}],"wp:attachment":[{"href":"https:\/\/psnv-wuerzburg.de\/index.php?rest_route=%2Fwp%2Fv2%2Fmedia&parent=226"}],"curies":[{"name":"wp","href":"https:\/\/api.w.org\/{rel}","templated":true}]}}