{"id":240,"date":"2021-10-16T19:30:49","date_gmt":"2021-10-16T19:30:49","guid":{"rendered":"http:\/\/beta.xn--prventionsteam-wrzburg-14b40d.de\/?page_id=240"},"modified":"2022-01-03T19:06:38","modified_gmt":"2022-01-03T18:06:38","slug":"engagement-in-der-psnv-b","status":"publish","type":"page","link":"https:\/\/psnv-wuerzburg.de\/?page_id=240","title":{"rendered":"Engagement in der PSNV-B"},"content":{"rendered":"\n<p>Siehe auch <a href=\"https:\/\/psnv-wuerzburg.de\/?page_id=234\" data-type=\"page\" data-id=\"234\">Struktur<\/a><\/p>\n\n\n\n<h2>\u00dcberblick \u00fcber die&nbsp;Notfallseelsorgeausbildung<\/h2>\n\n\n\n<p>Der Weg in die Notfallseelsorge&nbsp;gliedert sich f\u00fcr Ehrenamtliche&nbsp;folgenderma\u00dfen:<\/p>\n\n\n\n<ol><li>Zustimmung der kirchlichen Verantwortlichen (Ortsgemeinde, Dekanat)<\/li><li>Grundkurs Seelsorge vor der Fachausbildung oder w\u00e4hrende der Praxisphase<\/li><li>PSNV-Fachausbildung (80 UE nach bundeseinheitlichem Standard, zzgl. die&nbsp;Erg\u00e4nzungen der Konferenz Evangelische Notfallseelsorge)<\/li><li>Praxisphase im \u00f6rtlichen PSNV-System<\/li><li>Beauftragung durch den Dekan \/ die Dekanin \/der Di\u00f6zese<\/li><li>kontinuierliche Fortbildung und Supervision<\/li><\/ol>\n\n\n\n<p>Die PSNV-Fachausbildung ist bundeseinheitlich standardisiert und kann in der Kirche oder auch bei einer Rettungsorganisation absolviert werden.<\/p>\n\n\n\n<h2>Zweck und Ziel der Notfallseelsorgeausbildung<\/h2>\n\n\n\n<p>Alle, die in der Notfallseelsorge t\u00e4tig sind, ben\u00f6tigen spezifisches Wissen und F\u00e4higkeiten im Bereich der Psychosozialen Notfallversorgung (PSNV) und zus\u00e4tzlich seelsorgliche Kompetenzen.<\/p>\n\n\n\n<p>Die Inhalte der Ausbildung entsprechen den \u201eGemeinsamen Qualit\u00e4tsstandards und Leitlinien zu Ma\u00dfnahmen der Psychosozialen Akutversorgung&#8220; und den auf Bundesebene beschlossenen Erg\u00e4nzungen f\u00fcr die Notfallseelsorge.<\/p>\n\n\n\n<h2>Grundkurs Seelsorge<\/h2>\n\n\n\n<ul><li>psychologisches Grundwissen<\/li><li>rechtliches Grundwissen<\/li><li>Gespr\u00e4chsf\u00fchrung<\/li><li>Theologie der Seelsorge<\/li><li>christliche Spiritualit\u00e4t<\/li><\/ul>\n\n\n\n<h2>PSNV Fachausbildung<\/h2>\n\n\n\n<ul><li>Einf\u00fchrung in die Grundlagen der Psychologie und Psychotraumatologie unter dem besonderen Blickwinkel der PSNV.<\/li><li>Kenntnisse \u00fcber Organisationsstrukturen der PSNV und der BOS (Beh\u00f6rden und Organisationen mit Sicherheitsaufgaben.<\/li><li>\u00dcberblich \u00fcber unterschiedliche Kulturelle Eigenheiten in Religionen und Gesellschaft. Kenntnisse \u00fcber die Ressourcen der christlichen Religionen (Gebete und Handlungen)<\/li><li>Kenntnisse \u00fcber Suizid und Suizidalit\u00e4t.<\/li><li>\u00dcberblick \u00fcber relevante Themen der Psychiatrie und Psychotherapie f\u00fcr die PSNV.<\/li><li>Ausf\u00fchrliche Ein\u00fcbung von Kenntnissen \u00fcber menschliche Kommunikation und Gespr\u00e4chsf\u00fchrung.<\/li><li>Wissen \u00fcber Besonderheiten der Begleitung von speziellen Zielgruppen wie z.B. Kinder, Menschen mit Behinderung.<\/li><li>Kenntnis und Ein\u00fcbung der Struktur einer Krisenintervention.<\/li><li>Kennen der Grenzen der PSNV und Einsatzindikationen in denen die PSNV t\u00e4tig wird.<\/li><li>Ein\u00fcben von Methoden der Psychohygiene und Kenntnis \u00fcber den Selbstschutz im Einsatz.<\/li><li>\u00dcberblick \u00fcber den rechtlichen Rahmen in der die PSNV t\u00e4tig wird und n\u00f6tiges Wissen \u00fcber die Verwaltung.<\/li><\/ul>\n\n\n\n<h2>Zus\u00e4tzliche Lerninhalte der Notfallseelsorge<\/h2>\n\n\n\n<ul><li>Grundkenntnisse der Seelsorge<\/li><li>das christliche Menschenbild<\/li><li>spezielle theologische Fragestellungen<\/li><li>kirchliche Hintergr\u00fcnde und Angebote<\/li><li>christliche Gebete und Rituale im Umfeld der PSNV<\/li><\/ul>\n\n\n\n<h2>Kontinuierliche Fortbildung und Supervision<\/h2>\n\n\n\n<p>Notfallseelsorger\/innen erhalten kontinuierlich Fortbildung und Gruppensupervision.<\/p>\n\n\n\n<p>Das ist wichtig, um auf dem neuesten Stand zu bleiben,&nbsp;Erfahrungen auszutauschen, Fragen zu kl\u00e4ren und die eigene Gesundheit zu erhalten.<\/p>\n\n\n\n<p>Haben Sie Interesse an der Mitarbeit und einer Ausbildung in der Notfallseelsorge, dann wenden Sie sich bitte an eine der <a href=\"https:\/\/psnv-wuerzburg.de\/?page_id=226\" data-type=\"page\" data-id=\"226\">Kontaktadressen<\/a>.<\/p>\n\n\n\n<p>Weiterf\u00fchrende Links:<\/p>\n\n\n\n<p><a href=\"http:\/\/www.nfs.bistum-wuerzburg.de\">www.nfs.bistum-wuerzburg.de<\/a><\/p>\n\n\n\n<p><a href=\"http:\/\/www.Notfallseelsorge-bayern.de\">www.Notfallseelsorge-bayern.de<\/a><\/p>\n\n\n\n<p><a href=\"http:\/\/www.notfallseelsorge.de\">www.notfallseelsorge.de<\/a><\/p>\n\n\n\n<p><em>Foto: Martin Storch<\/em><\/p>\n","protected":false},"excerpt":{"rendered":"<p>Siehe auch Struktur \u00dcberblick \u00fcber die&nbsp;Notfallseelsorgeausbildung Der Weg in die Notfallseelsorge&nbsp;gliedert sich f\u00fcr Ehrenamtliche&nbsp;folgenderma\u00dfen: Zustimmung der kirchlichen Verantwortlichen (Ortsgemeinde, Dekanat) Grundkurs Seelsorge vor der Fachausbildung oder w\u00e4hrende der Praxisphase PSNV-Fachausbildung (80 UE nach bundeseinheitlichem Standard, zzgl. die&nbsp;Erg\u00e4nzungen der Konferenz Evangelische Notfallseelsorge) Praxisphase im \u00f6rtlichen PSNV-System Beauftragung durch den Dekan \/ die Dekanin \/der Di\u00f6zese kontinuierliche &hellip; <a href=\"https:\/\/psnv-wuerzburg.de\/?page_id=240\" class=\"more-link\"><span class=\"screen-reader-text\">Engagement in der PSNV-B<\/span> weiterlesen<\/a><\/p>\n","protected":false},"author":1,"featured_media":349,"parent":14,"menu_order":0,"comment_status":"closed","ping_status":"closed","template":"page-templates\/full-width-page.php","meta":[],"yoast_head":"<!-- This site is optimized with the Yoast SEO plugin v19.4 - https:\/\/yoast.com\/wordpress\/plugins\/seo\/ -->\n<title>Engagement in der PSNV-B - PSNV W\u00fcrzburg<\/title>\n<meta name=\"description\" content=\"Psychosoziale Notfallversorgung, Notfallseelsorge, Schlimmer Einsatz, Schwerer Einsatz, Seelsorge nach Suizid, Seelsorge nach Todesnachricht, Todesnachricht, Notfallseelsorge, PTBS, Ich hab etwas Schlimmes erlebt, Einsatznachsorge, Seelsorgerliche Begleitung\" \/>\n<meta name=\"robots\" content=\"index, follow, max-snippet:-1, max-image-preview:large, max-video-preview:-1\" \/>\n<link rel=\"canonical\" href=\"https:\/\/psnv-wuerzburg.de\/?page_id=240\" \/>\n<meta property=\"og:locale\" content=\"de_DE\" \/>\n<meta property=\"og:type\" content=\"article\" \/>\n<meta property=\"og:title\" content=\"Engagement in der PSNV-B - PSNV W\u00fcrzburg\" \/>\n<meta property=\"og:description\" content=\"Psychosoziale Notfallversorgung, Notfallseelsorge, Schlimmer Einsatz, Schwerer Einsatz, Seelsorge nach Suizid, Seelsorge nach Todesnachricht, Todesnachricht, Notfallseelsorge, PTBS, Ich hab etwas Schlimmes erlebt, Einsatznachsorge, Seelsorgerliche Begleitung\" \/>\n<meta property=\"og:url\" content=\"https:\/\/psnv-wuerzburg.de\/?page_id=240\" \/>\n<meta property=\"og:site_name\" content=\"PSNV W\u00fcrzburg\" \/>\n<meta property=\"article:modified_time\" content=\"2022-01-03T18:06:38+00:00\" \/>\n<meta property=\"og:image\" content=\"https:\/\/psnv-wuerzburg.de\/wp-content\/uploads\/2022\/01\/DSC_01081_edited-Stephan-Kays_Johanniter-scaled.jpg\" \/>\n\t<meta property=\"og:image:width\" content=\"2560\" \/>\n\t<meta property=\"og:image:height\" content=\"1706\" \/>\n\t<meta property=\"og:image:type\" content=\"image\/jpeg\" \/>\n<meta name=\"twitter:card\" content=\"summary_large_image\" \/>\n<meta name=\"twitter:label1\" content=\"Gesch\u00e4tzte Lesezeit\" \/>\n\t<meta name=\"twitter:data1\" content=\"2\u00a0Minuten\" \/>\n<script type=\"application\/ld+json\" class=\"yoast-schema-graph\">{\"@context\":\"https:\/\/schema.org\",\"@graph\":[{\"@type\":\"WebSite\",\"@id\":\"https:\/\/psnv-wuerzburg.de\/#website\",\"url\":\"https:\/\/psnv-wuerzburg.de\/\",\"name\":\"PSNV W\u00fcrzburg\",\"description\":\"Psychosoziale Notfallversorgung (PSNV) definiert die Ma\u00dfnahmen und Strukturen f\u00fcr belastende Notf\u00e4lle und Einsatzsituationen\",\"potentialAction\":[{\"@type\":\"SearchAction\",\"target\":{\"@type\":\"EntryPoint\",\"urlTemplate\":\"https:\/\/psnv-wuerzburg.de\/?s={search_term_string}\"},\"query-input\":\"required name=search_term_string\"}],\"inLanguage\":\"de\"},{\"@type\":\"WebPage\",\"@id\":\"https:\/\/psnv-wuerzburg.de\/?page_id=240\",\"url\":\"https:\/\/psnv-wuerzburg.de\/?page_id=240\",\"name\":\"Engagement in der PSNV-B - PSNV W\u00fcrzburg\",\"isPartOf\":{\"@id\":\"https:\/\/psnv-wuerzburg.de\/#website\"},\"datePublished\":\"2021-10-16T19:30:49+00:00\",\"dateModified\":\"2022-01-03T18:06:38+00:00\",\"description\":\"Psychosoziale Notfallversorgung, Notfallseelsorge, Schlimmer Einsatz, Schwerer Einsatz, Seelsorge nach Suizid, Seelsorge nach Todesnachricht, Todesnachricht, Notfallseelsorge, PTBS, Ich hab etwas Schlimmes erlebt, Einsatznachsorge, Seelsorgerliche Begleitung\",\"breadcrumb\":{\"@id\":\"https:\/\/psnv-wuerzburg.de\/?page_id=240#breadcrumb\"},\"inLanguage\":\"de\",\"potentialAction\":[{\"@type\":\"ReadAction\",\"target\":[\"https:\/\/psnv-wuerzburg.de\/?page_id=240\"]}]},{\"@type\":\"BreadcrumbList\",\"@id\":\"https:\/\/psnv-wuerzburg.de\/?page_id=240#breadcrumb\",\"itemListElement\":[{\"@type\":\"ListItem\",\"position\":1,\"name\":\"Startseite\",\"item\":\"https:\/\/psnv-wuerzburg.de\/\"},{\"@type\":\"ListItem\",\"position\":2,\"name\":\"PSNV im Bereich W\u00fcrzburg\",\"item\":\"https:\/\/psnv-wuerzburg.de\/\"},{\"@type\":\"ListItem\",\"position\":3,\"name\":\"PSNV-B f\u00fcr betroffene Personen\",\"item\":\"https:\/\/psnv-wuerzburg.de\/?page_id=14\"},{\"@type\":\"ListItem\",\"position\":4,\"name\":\"Engagement in der PSNV-B\"}]},{\"@type\":\"Person\",\"@id\":\"https:\/\/psnv-wuerzburg.de\/#\/schema\/person\/1543b71d102eff1159cff1a6652d421d\",\"name\":\"ptwadmin\",\"image\":{\"@type\":\"ImageObject\",\"inLanguage\":\"de\",\"@id\":\"https:\/\/psnv-wuerzburg.de\/#\/schema\/person\/image\/\",\"url\":\"https:\/\/secure.gravatar.com\/avatar\/808f49732d9c033b5550e3f675d4e948?s=96&d=mm&r=g\",\"contentUrl\":\"https:\/\/secure.gravatar.com\/avatar\/808f49732d9c033b5550e3f675d4e948?s=96&d=mm&r=g\",\"caption\":\"ptwadmin\"},\"url\":\"https:\/\/psnv-wuerzburg.de\/?author=1\"}]}<\/script>\n<!-- \/ Yoast SEO plugin. -->","yoast_head_json":{"title":"Engagement in der PSNV-B - PSNV W\u00fcrzburg","description":"Psychosoziale Notfallversorgung, Notfallseelsorge, Schlimmer Einsatz, Schwerer Einsatz, Seelsorge nach Suizid, Seelsorge nach Todesnachricht, Todesnachricht, Notfallseelsorge, PTBS, Ich hab etwas Schlimmes erlebt, Einsatznachsorge, Seelsorgerliche Begleitung","robots":{"index":"index","follow":"follow","max-snippet":"max-snippet:-1","max-image-preview":"max-image-preview:large","max-video-preview":"max-video-preview:-1"},"canonical":"https:\/\/psnv-wuerzburg.de\/?page_id=240","og_locale":"de_DE","og_type":"article","og_title":"Engagement in der PSNV-B - PSNV W\u00fcrzburg","og_description":"Psychosoziale Notfallversorgung, Notfallseelsorge, Schlimmer Einsatz, Schwerer Einsatz, Seelsorge nach Suizid, Seelsorge nach Todesnachricht, Todesnachricht, Notfallseelsorge, PTBS, Ich hab etwas Schlimmes erlebt, Einsatznachsorge, Seelsorgerliche Begleitung","og_url":"https:\/\/psnv-wuerzburg.de\/?page_id=240","og_site_name":"PSNV W\u00fcrzburg","article_modified_time":"2022-01-03T18:06:38+00:00","og_image":[{"width":2560,"height":1706,"url":"https:\/\/psnv-wuerzburg.de\/wp-content\/uploads\/2022\/01\/DSC_01081_edited-Stephan-Kays_Johanniter-scaled.jpg","type":"image\/jpeg"}],"twitter_card":"summary_large_image","twitter_misc":{"Gesch\u00e4tzte Lesezeit":"2\u00a0Minuten"},"schema":{"@context":"https:\/\/schema.org","@graph":[{"@type":"WebSite","@id":"https:\/\/psnv-wuerzburg.de\/#website","url":"https:\/\/psnv-wuerzburg.de\/","name":"PSNV W\u00fcrzburg","description":"Psychosoziale Notfallversorgung (PSNV) definiert die Ma\u00dfnahmen und Strukturen f\u00fcr belastende Notf\u00e4lle und Einsatzsituationen","potentialAction":[{"@type":"SearchAction","target":{"@type":"EntryPoint","urlTemplate":"https:\/\/psnv-wuerzburg.de\/?s={search_term_string}"},"query-input":"required name=search_term_string"}],"inLanguage":"de"},{"@type":"WebPage","@id":"https:\/\/psnv-wuerzburg.de\/?page_id=240","url":"https:\/\/psnv-wuerzburg.de\/?page_id=240","name":"Engagement in der PSNV-B - PSNV W\u00fcrzburg","isPartOf":{"@id":"https:\/\/psnv-wuerzburg.de\/#website"},"datePublished":"2021-10-16T19:30:49+00:00","dateModified":"2022-01-03T18:06:38+00:00","description":"Psychosoziale Notfallversorgung, Notfallseelsorge, Schlimmer Einsatz, Schwerer Einsatz, Seelsorge nach Suizid, Seelsorge nach Todesnachricht, Todesnachricht, Notfallseelsorge, PTBS, Ich hab etwas Schlimmes erlebt, Einsatznachsorge, Seelsorgerliche Begleitung","breadcrumb":{"@id":"https:\/\/psnv-wuerzburg.de\/?page_id=240#breadcrumb"},"inLanguage":"de","potentialAction":[{"@type":"ReadAction","target":["https:\/\/psnv-wuerzburg.de\/?page_id=240"]}]},{"@type":"BreadcrumbList","@id":"https:\/\/psnv-wuerzburg.de\/?page_id=240#breadcrumb","itemListElement":[{"@type":"ListItem","position":1,"name":"Startseite","item":"https:\/\/psnv-wuerzburg.de\/"},{"@type":"ListItem","position":2,"name":"PSNV im Bereich W\u00fcrzburg","item":"https:\/\/psnv-wuerzburg.de\/"},{"@type":"ListItem","position":3,"name":"PSNV-B f\u00fcr betroffene Personen","item":"https:\/\/psnv-wuerzburg.de\/?page_id=14"},{"@type":"ListItem","position":4,"name":"Engagement in der PSNV-B"}]},{"@type":"Person","@id":"https:\/\/psnv-wuerzburg.de\/#\/schema\/person\/1543b71d102eff1159cff1a6652d421d","name":"ptwadmin","image":{"@type":"ImageObject","inLanguage":"de","@id":"https:\/\/psnv-wuerzburg.de\/#\/schema\/person\/image\/","url":"https:\/\/secure.gravatar.com\/avatar\/808f49732d9c033b5550e3f675d4e948?s=96&d=mm&r=g","contentUrl":"https:\/\/secure.gravatar.com\/avatar\/808f49732d9c033b5550e3f675d4e948?s=96&d=mm&r=g","caption":"ptwadmin"},"url":"https:\/\/psnv-wuerzburg.de\/?author=1"}]}},"_links":{"self":[{"href":"https:\/\/psnv-wuerzburg.de\/index.php?rest_route=\/wp\/v2\/pages\/240"}],"collection":[{"href":"https:\/\/psnv-wuerzburg.de\/index.php?rest_route=\/wp\/v2\/pages"}],"about":[{"href":"https:\/\/psnv-wuerzburg.de\/index.php?rest_route=\/wp\/v2\/types\/page"}],"author":[{"embeddable":true,"href":"https:\/\/psnv-wuerzburg.de\/index.php?rest_route=\/wp\/v2\/users\/1"}],"replies":[{"embeddable":true,"href":"https:\/\/psnv-wuerzburg.de\/index.php?rest_route=%2Fwp%2Fv2%2Fcomments&post=240"}],"version-history":[{"count":4,"href":"https:\/\/psnv-wuerzburg.de\/index.php?rest_route=\/wp\/v2\/pages\/240\/revisions"}],"predecessor-version":[{"id":364,"href":"https:\/\/psnv-wuerzburg.de\/index.php?rest_route=\/wp\/v2\/pages\/240\/revisions\/364"}],"up":[{"embeddable":true,"href":"https:\/\/psnv-wuerzburg.de\/index.php?rest_route=\/wp\/v2\/pages\/14"}],"wp:featuredmedia":[{"embeddable":true,"href":"https:\/\/psnv-wuerzburg.de\/index.php?rest_route=\/wp\/v2\/media\/349"}],"wp:attachment":[{"href":"https:\/\/psnv-wuerzburg.de\/index.php?rest_route=%2Fwp%2Fv2%2Fmedia&parent=240"}],"curies":[{"name":"wp","href":"https:\/\/api.w.org\/{rel}","templated":true}]}}