{"id":35,"date":"2019-10-25T16:32:01","date_gmt":"2019-10-25T16:32:01","guid":{"rendered":"http:\/\/beta.xn--prventionsteam-wrzburg-14b40d.de\/?page_id=35"},"modified":"2022-01-04T11:16:59","modified_gmt":"2022-01-04T10:16:59","slug":"hilfe-fuer-einsatzkraefte-im-ereignis","status":"publish","type":"page","link":"https:\/\/psnv-wuerzburg.de\/?page_id=35","title":{"rendered":"Belastende Notf\u00e4lle und Einsatzsituationen"},"content":{"rendered":"\n<blockquote class=\"wp-block-quote\"><p>Au\u00dferordentliche Einsatzsituation k\u00f6nnen sich auf unser Erleben als eingesetzte Kr\u00e4fte auswirken und unser Wohlbefinden beeintr\u00e4chtigen. <\/p><\/blockquote>\n\n\n\n<p>Als Einsatzkr\u00e4fte, die sich f\u00fcr Rettungsdienst, Feuerwehr, Polizei, THW oder andere BOS engagieren, machen wir viele und verschiedene Erfahrungen. In unserer Ausbildung und bei Eins\u00e4tzen erleben wir sch\u00f6ne und aufregende Dinge; bei der Einsatzt\u00e4tigkeit jedoch bleiben uns weniger sch\u00f6ne Ereignisse und bisweilen schreckliche Notf\u00e4lle nicht erspart. Positive und negative Erlebnisse bilden den Erfahrungsrahmen f\u00fcr unsere T\u00e4tigkeit als Einsatzkraft; sie sind die Grundlage f\u00fcr unsere Einsatzroutine. <\/p>\n\n\n\n<p>Belastende Eins\u00e4tze nun resultieren in der Regel aus Situationen, die sich nicht unmittelbar in den Rahmen der gewohnten Einsatzerfahrung einpassen. Diese au\u00dferordentliche  Situationen k\u00f6nnen beispielweise sein: <\/p>\n\n\n\n<ul><li>Unfallgeschehen durch extreme Kr\u00e4fteinwirkung und daraus resultierende massive Deformation und Zerst\u00f6rung (z.B. Pkw unter LKW),<\/li><li>Schadensausma\u00df \u00fcbersteigt die zun\u00e4chst verf\u00fcgbaren Rettungsmittel (z.B. MAN), <\/li><li>Bizarre Verletzungs-\/Sch\u00e4digunsgsmuster (z.B. Suizid)<\/li><li>Notfallereignisse, bei denen Kinder betroffen sind,<\/li><li>Eigenunfall in einer eingesetzten Einheit,<\/li><li>Terror und Gewalteinwirkung durch Personen.<\/li><\/ul>\n\n\n\n<p>Au\u00dferordentliche Einsatzsituation k\u00f6nnen unser Wohlbefinden beeintr\u00e4chtigen. Wir sind dann im normalen, positiven Erleben herabgestimmt und weniger fr\u00f6hlich. Bisweilen werden wir nachdenklich und in Gedanken besch\u00e4ftigen uns immer noch die Gegebenheiten des Einsatzes. Vor allem k\u00f6nnen die negative Stimmung und auch die gedankliche Besch\u00e4ftigung \u00fcber den Einsatzabschluss hinaus andauern.  <\/p>\n\n\n\n<p>Das hei\u00dft aber nicht auch gleich, dass au\u00dferordentliche Eins\u00e4tze alle eingesetzten Kr\u00e4fte automatisch \u00fcber Geb\u00fchren beanspruchen m\u00fcssen. Denn als Einsatzkr\u00e4fte verf\u00fcgen wir auch \u00fcber Mittel und Wege, selbst schwierige Einsatzsituationen sicher zu meistern (die zugeh\u00f6rigen Fachbegriffe sind hier Selbstwirksamkeit und Resilienz). Aber au\u00dferordentliche Eins\u00e4tze <strong>k\u00f6nnen <\/strong>\u00fcber Geb\u00fchren beanspruchen. Sie sind dann psychisch belastend. Und dies beinhaltet die Gefahr f\u00fcr eine Folgeerkrankung, z.B. in Form einer Depression oder einer Posttraumatischen Belastungsst\u00f6rung (PTSD)<\/p>\n\n\n\n<p><em>Foto: Doku-Team BRK W\u00fcrzburg<\/em><\/p>\n","protected":false},"excerpt":{"rendered":"<p>Au\u00dferordentliche Einsatzsituation k\u00f6nnen sich auf unser Erleben als eingesetzte Kr\u00e4fte auswirken und unser Wohlbefinden beeintr\u00e4chtigen. Als Einsatzkr\u00e4fte, die sich f\u00fcr Rettungsdienst, Feuerwehr, Polizei, THW oder andere BOS engagieren, machen wir viele und verschiedene Erfahrungen. In unserer Ausbildung und bei Eins\u00e4tzen erleben wir sch\u00f6ne und aufregende Dinge; bei der Einsatzt\u00e4tigkeit jedoch bleiben uns weniger sch\u00f6ne Ereignisse &hellip; <a href=\"https:\/\/psnv-wuerzburg.de\/?page_id=35\" class=\"more-link\"><span class=\"screen-reader-text\">Belastende Notf\u00e4lle und Einsatzsituationen<\/span> weiterlesen<\/a><\/p>\n","protected":false},"author":1,"featured_media":370,"parent":16,"menu_order":0,"comment_status":"closed","ping_status":"closed","template":"page-templates\/full-width-page.php","meta":[],"yoast_head":"<!-- This site is optimized with the Yoast SEO plugin v19.4 - https:\/\/yoast.com\/wordpress\/plugins\/seo\/ -->\n<title>Belastende Notf\u00e4lle und Einsatzsituationen - PSNV W\u00fcrzburg<\/title>\n<meta name=\"description\" content=\"Psychosoziale Notfallversorgung, Notfallseelsorge, Schlimmer Einsatz, Schwerer Einsatz, Seelsorge nach Suizid, Seelsorge nach Todesnachricht, Todesnachricht, Notfallseelsorge, PTBS, Ich hab etwas Schlimmes erlebt, Einsatznachsorge, Seelsorgerliche Begleitung\" \/>\n<meta name=\"robots\" content=\"index, follow, max-snippet:-1, max-image-preview:large, max-video-preview:-1\" \/>\n<link rel=\"canonical\" href=\"https:\/\/psnv-wuerzburg.de\/?page_id=35\" \/>\n<meta property=\"og:locale\" content=\"de_DE\" \/>\n<meta property=\"og:type\" content=\"article\" \/>\n<meta property=\"og:title\" content=\"Belastende Notf\u00e4lle und Einsatzsituationen - PSNV W\u00fcrzburg\" \/>\n<meta property=\"og:description\" content=\"Psychosoziale Notfallversorgung, Notfallseelsorge, Schlimmer Einsatz, Schwerer Einsatz, Seelsorge nach Suizid, Seelsorge nach Todesnachricht, Todesnachricht, Notfallseelsorge, PTBS, Ich hab etwas Schlimmes erlebt, Einsatznachsorge, Seelsorgerliche Begleitung\" \/>\n<meta property=\"og:url\" content=\"https:\/\/psnv-wuerzburg.de\/?page_id=35\" \/>\n<meta property=\"og:site_name\" content=\"PSNV W\u00fcrzburg\" \/>\n<meta property=\"article:modified_time\" content=\"2022-01-04T10:16:59+00:00\" \/>\n<meta property=\"og:image\" content=\"https:\/\/psnv-wuerzburg.de\/wp-content\/uploads\/2022\/01\/MAN-Uebung.jpg\" \/>\n\t<meta property=\"og:image:width\" content=\"1230\" \/>\n\t<meta property=\"og:image:height\" content=\"1230\" \/>\n\t<meta property=\"og:image:type\" content=\"image\/jpeg\" \/>\n<meta name=\"twitter:card\" content=\"summary_large_image\" \/>\n<meta name=\"twitter:label1\" content=\"Gesch\u00e4tzte Lesezeit\" \/>\n\t<meta name=\"twitter:data1\" content=\"2\u00a0Minuten\" \/>\n<script type=\"application\/ld+json\" class=\"yoast-schema-graph\">{\"@context\":\"https:\/\/schema.org\",\"@graph\":[{\"@type\":\"WebSite\",\"@id\":\"https:\/\/psnv-wuerzburg.de\/#website\",\"url\":\"https:\/\/psnv-wuerzburg.de\/\",\"name\":\"PSNV W\u00fcrzburg\",\"description\":\"Psychosoziale Notfallversorgung (PSNV) definiert die Ma\u00dfnahmen und Strukturen f\u00fcr belastende Notf\u00e4lle und Einsatzsituationen\",\"potentialAction\":[{\"@type\":\"SearchAction\",\"target\":{\"@type\":\"EntryPoint\",\"urlTemplate\":\"https:\/\/psnv-wuerzburg.de\/?s={search_term_string}\"},\"query-input\":\"required name=search_term_string\"}],\"inLanguage\":\"de\"},{\"@type\":\"WebPage\",\"@id\":\"https:\/\/psnv-wuerzburg.de\/?page_id=35\",\"url\":\"https:\/\/psnv-wuerzburg.de\/?page_id=35\",\"name\":\"Belastende Notf\u00e4lle und Einsatzsituationen - PSNV W\u00fcrzburg\",\"isPartOf\":{\"@id\":\"https:\/\/psnv-wuerzburg.de\/#website\"},\"datePublished\":\"2019-10-25T16:32:01+00:00\",\"dateModified\":\"2022-01-04T10:16:59+00:00\",\"description\":\"Psychosoziale Notfallversorgung, Notfallseelsorge, Schlimmer Einsatz, Schwerer Einsatz, Seelsorge nach Suizid, Seelsorge nach Todesnachricht, Todesnachricht, Notfallseelsorge, PTBS, Ich hab etwas Schlimmes erlebt, Einsatznachsorge, Seelsorgerliche Begleitung\",\"breadcrumb\":{\"@id\":\"https:\/\/psnv-wuerzburg.de\/?page_id=35#breadcrumb\"},\"inLanguage\":\"de\",\"potentialAction\":[{\"@type\":\"ReadAction\",\"target\":[\"https:\/\/psnv-wuerzburg.de\/?page_id=35\"]}]},{\"@type\":\"BreadcrumbList\",\"@id\":\"https:\/\/psnv-wuerzburg.de\/?page_id=35#breadcrumb\",\"itemListElement\":[{\"@type\":\"ListItem\",\"position\":1,\"name\":\"Startseite\",\"item\":\"https:\/\/psnv-wuerzburg.de\/\"},{\"@type\":\"ListItem\",\"position\":2,\"name\":\"PSNV im Bereich W\u00fcrzburg\",\"item\":\"https:\/\/psnv-wuerzburg.de\/\"},{\"@type\":\"ListItem\",\"position\":3,\"name\":\"PSNV-E f\u00fcr Einsatzkr\u00e4fte\",\"item\":\"https:\/\/psnv-wuerzburg.de\/?page_id=16\"},{\"@type\":\"ListItem\",\"position\":4,\"name\":\"Belastende Notf\u00e4lle und Einsatzsituationen\"}]},{\"@type\":\"Person\",\"@id\":\"https:\/\/psnv-wuerzburg.de\/#\/schema\/person\/1543b71d102eff1159cff1a6652d421d\",\"name\":\"ptwadmin\",\"image\":{\"@type\":\"ImageObject\",\"inLanguage\":\"de\",\"@id\":\"https:\/\/psnv-wuerzburg.de\/#\/schema\/person\/image\/\",\"url\":\"https:\/\/secure.gravatar.com\/avatar\/808f49732d9c033b5550e3f675d4e948?s=96&d=mm&r=g\",\"contentUrl\":\"https:\/\/secure.gravatar.com\/avatar\/808f49732d9c033b5550e3f675d4e948?s=96&d=mm&r=g\",\"caption\":\"ptwadmin\"},\"url\":\"https:\/\/psnv-wuerzburg.de\/?author=1\"}]}<\/script>\n<!-- \/ Yoast SEO plugin. -->","yoast_head_json":{"title":"Belastende Notf\u00e4lle und Einsatzsituationen - PSNV W\u00fcrzburg","description":"Psychosoziale Notfallversorgung, Notfallseelsorge, Schlimmer Einsatz, Schwerer Einsatz, Seelsorge nach Suizid, Seelsorge nach Todesnachricht, Todesnachricht, Notfallseelsorge, PTBS, Ich hab etwas Schlimmes erlebt, Einsatznachsorge, Seelsorgerliche Begleitung","robots":{"index":"index","follow":"follow","max-snippet":"max-snippet:-1","max-image-preview":"max-image-preview:large","max-video-preview":"max-video-preview:-1"},"canonical":"https:\/\/psnv-wuerzburg.de\/?page_id=35","og_locale":"de_DE","og_type":"article","og_title":"Belastende Notf\u00e4lle und Einsatzsituationen - PSNV W\u00fcrzburg","og_description":"Psychosoziale Notfallversorgung, Notfallseelsorge, Schlimmer Einsatz, Schwerer Einsatz, Seelsorge nach Suizid, Seelsorge nach Todesnachricht, Todesnachricht, Notfallseelsorge, PTBS, Ich hab etwas Schlimmes erlebt, Einsatznachsorge, Seelsorgerliche Begleitung","og_url":"https:\/\/psnv-wuerzburg.de\/?page_id=35","og_site_name":"PSNV W\u00fcrzburg","article_modified_time":"2022-01-04T10:16:59+00:00","og_image":[{"width":1230,"height":1230,"url":"https:\/\/psnv-wuerzburg.de\/wp-content\/uploads\/2022\/01\/MAN-Uebung.jpg","type":"image\/jpeg"}],"twitter_card":"summary_large_image","twitter_misc":{"Gesch\u00e4tzte Lesezeit":"2\u00a0Minuten"},"schema":{"@context":"https:\/\/schema.org","@graph":[{"@type":"WebSite","@id":"https:\/\/psnv-wuerzburg.de\/#website","url":"https:\/\/psnv-wuerzburg.de\/","name":"PSNV W\u00fcrzburg","description":"Psychosoziale Notfallversorgung (PSNV) definiert die Ma\u00dfnahmen und Strukturen f\u00fcr belastende Notf\u00e4lle und Einsatzsituationen","potentialAction":[{"@type":"SearchAction","target":{"@type":"EntryPoint","urlTemplate":"https:\/\/psnv-wuerzburg.de\/?s={search_term_string}"},"query-input":"required name=search_term_string"}],"inLanguage":"de"},{"@type":"WebPage","@id":"https:\/\/psnv-wuerzburg.de\/?page_id=35","url":"https:\/\/psnv-wuerzburg.de\/?page_id=35","name":"Belastende Notf\u00e4lle und Einsatzsituationen - PSNV W\u00fcrzburg","isPartOf":{"@id":"https:\/\/psnv-wuerzburg.de\/#website"},"datePublished":"2019-10-25T16:32:01+00:00","dateModified":"2022-01-04T10:16:59+00:00","description":"Psychosoziale Notfallversorgung, Notfallseelsorge, Schlimmer Einsatz, Schwerer Einsatz, Seelsorge nach Suizid, Seelsorge nach Todesnachricht, Todesnachricht, Notfallseelsorge, PTBS, Ich hab etwas Schlimmes erlebt, Einsatznachsorge, Seelsorgerliche Begleitung","breadcrumb":{"@id":"https:\/\/psnv-wuerzburg.de\/?page_id=35#breadcrumb"},"inLanguage":"de","potentialAction":[{"@type":"ReadAction","target":["https:\/\/psnv-wuerzburg.de\/?page_id=35"]}]},{"@type":"BreadcrumbList","@id":"https:\/\/psnv-wuerzburg.de\/?page_id=35#breadcrumb","itemListElement":[{"@type":"ListItem","position":1,"name":"Startseite","item":"https:\/\/psnv-wuerzburg.de\/"},{"@type":"ListItem","position":2,"name":"PSNV im Bereich W\u00fcrzburg","item":"https:\/\/psnv-wuerzburg.de\/"},{"@type":"ListItem","position":3,"name":"PSNV-E f\u00fcr Einsatzkr\u00e4fte","item":"https:\/\/psnv-wuerzburg.de\/?page_id=16"},{"@type":"ListItem","position":4,"name":"Belastende Notf\u00e4lle und Einsatzsituationen"}]},{"@type":"Person","@id":"https:\/\/psnv-wuerzburg.de\/#\/schema\/person\/1543b71d102eff1159cff1a6652d421d","name":"ptwadmin","image":{"@type":"ImageObject","inLanguage":"de","@id":"https:\/\/psnv-wuerzburg.de\/#\/schema\/person\/image\/","url":"https:\/\/secure.gravatar.com\/avatar\/808f49732d9c033b5550e3f675d4e948?s=96&d=mm&r=g","contentUrl":"https:\/\/secure.gravatar.com\/avatar\/808f49732d9c033b5550e3f675d4e948?s=96&d=mm&r=g","caption":"ptwadmin"},"url":"https:\/\/psnv-wuerzburg.de\/?author=1"}]}},"_links":{"self":[{"href":"https:\/\/psnv-wuerzburg.de\/index.php?rest_route=\/wp\/v2\/pages\/35"}],"collection":[{"href":"https:\/\/psnv-wuerzburg.de\/index.php?rest_route=\/wp\/v2\/pages"}],"about":[{"href":"https:\/\/psnv-wuerzburg.de\/index.php?rest_route=\/wp\/v2\/types\/page"}],"author":[{"embeddable":true,"href":"https:\/\/psnv-wuerzburg.de\/index.php?rest_route=\/wp\/v2\/users\/1"}],"replies":[{"embeddable":true,"href":"https:\/\/psnv-wuerzburg.de\/index.php?rest_route=%2Fwp%2Fv2%2Fcomments&post=35"}],"version-history":[{"count":14,"href":"https:\/\/psnv-wuerzburg.de\/index.php?rest_route=\/wp\/v2\/pages\/35\/revisions"}],"predecessor-version":[{"id":366,"href":"https:\/\/psnv-wuerzburg.de\/index.php?rest_route=\/wp\/v2\/pages\/35\/revisions\/366"}],"up":[{"embeddable":true,"href":"https:\/\/psnv-wuerzburg.de\/index.php?rest_route=\/wp\/v2\/pages\/16"}],"wp:featuredmedia":[{"embeddable":true,"href":"https:\/\/psnv-wuerzburg.de\/index.php?rest_route=\/wp\/v2\/media\/370"}],"wp:attachment":[{"href":"https:\/\/psnv-wuerzburg.de\/index.php?rest_route=%2Fwp%2Fv2%2Fmedia&parent=35"}],"curies":[{"name":"wp","href":"https:\/\/api.w.org\/{rel}","templated":true}]}}