{"id":38,"date":"2019-10-25T16:32:49","date_gmt":"2019-10-25T16:32:49","guid":{"rendered":"http:\/\/beta.xn--prventionsteam-wrzburg-14b40d.de\/?page_id=38"},"modified":"2022-01-03T19:09:59","modified_gmt":"2022-01-03T18:09:59","slug":"hilfe-fuer-einsatzkraefte-nach-dem-ereignis","status":"publish","type":"page","link":"https:\/\/psnv-wuerzburg.de\/?page_id=38","title":{"rendered":"Speziell f\u00fcr Einsatzkr\u00e4fte"},"content":{"rendered":"\n<blockquote class=\"wp-block-quote\"><p>Warum speziell f\u00fcr Einsatzkr\u00e4fte?<\/p><\/blockquote>\n\n\n\n<p>F\u00fcr Einsatzkr\u00e4fte gibt es eigene Strukturen und Ma\u00dfnahmen der PSNV, weil die Ausgangslage im Vergleich zu betroffenen Personen grundlegend verschieden ist. Ein Notfall tritt in der Regel unverhofft ein. Die betroffenen Personen sind in einer Notlage und hilfebed\u00fcrftig; sie sind in der Situation eher passiv. Wir hingegen begeben uns als Einsatzkr\u00e4fte gezielt in die Notfallsituation, um aktiv Hilfe zu leisten. Weiterhin sind Notfallsituationen f\u00fcr betroffene Personen Ausnahmesituationen, f\u00fcr die eine Vorbereitung kaum m\u00f6glich ist. Hingegen sind Notf\u00e4lle f\u00fcr Einsatzkr\u00e4fte wiederholte Herausforderungen zum T\u00e4tigwerden, auf die wir durch Ausbildung und Einsatztraining vorbereitet sind.<\/p>\n\n\n\n<p>Trotz fundierter Ausbildung, regelm\u00e4\u00dfigem Einsatztraining und angesammelter Einsatzerfahrung muss man als Einsatzkraft jedoch auch damit rechnen, <a href=\"https:\/\/psnv-wuerzburg.de\/?page_id=35\" data-type=\"page\" data-id=\"35\">belastende Eins\u00e4tze<\/a> zu erleben.<\/p>\n\n\n\n<p>Wenn schon belastende Eins\u00e4tze unausweichlich sind, ist man ihnen als Einsatzkraft jedoch auch nicht nur hilflos ausgeliefert. Als Einsatzkraft verf\u00fcgen wir in der Regel \u00fcber Mittel und Wege, mit dem verminderten positiven Erleben und den bisweilen nachh\u00e4ngenden Gedanken an bestimmte Einsatzsituationen klar zu kommen. Dies wird mit dem Fachbegriff der Resilienz bezeichnet.<\/p>\n\n\n\n<p>Dennoch gilt auch f\u00fcr Einsatzkr\u00e4fte, dass wir von belastenden Eins\u00e4tzen \u00fcber Geb\u00fchren beansprucht werden k\u00f6nnen und es besteht die Gefahr f\u00fcr Stresserkrankungen<span class=\"has-inline-color has-vivid-red-color\">.<\/span><\/p>\n\n\n\n<p><em>Foto: Lena Mucha<\/em><\/p>\n","protected":false},"excerpt":{"rendered":"<p>Warum speziell f\u00fcr Einsatzkr\u00e4fte? F\u00fcr Einsatzkr\u00e4fte gibt es eigene Strukturen und Ma\u00dfnahmen der PSNV, weil die Ausgangslage im Vergleich zu betroffenen Personen grundlegend verschieden ist. Ein Notfall tritt in der Regel unverhofft ein. Die betroffenen Personen sind in einer Notlage und hilfebed\u00fcrftig; sie sind in der Situation eher passiv. Wir hingegen begeben uns als Einsatzkr\u00e4fte &hellip; <a href=\"https:\/\/psnv-wuerzburg.de\/?page_id=38\" class=\"more-link\"><span class=\"screen-reader-text\">Speziell f\u00fcr Einsatzkr\u00e4fte<\/span> weiterlesen<\/a><\/p>\n","protected":false},"author":1,"featured_media":346,"parent":16,"menu_order":0,"comment_status":"closed","ping_status":"closed","template":"page-templates\/full-width-page.php","meta":[],"yoast_head":"<!-- This site is optimized with the Yoast SEO plugin v19.4 - https:\/\/yoast.com\/wordpress\/plugins\/seo\/ -->\n<title>Speziell f\u00fcr Einsatzkr\u00e4fte - PSNV W\u00fcrzburg<\/title>\n<meta name=\"description\" content=\"Psychosoziale Notfallversorgung, Notfallseelsorge, Schlimmer Einsatz, Schwerer Einsatz, Seelsorge nach Suizid, Seelsorge nach Todesnachricht, Todesnachricht, Notfallseelsorge, PTBS, Ich hab etwas Schlimmes erlebt, Einsatznachsorge, Seelsorgerliche Begleitung\" \/>\n<meta name=\"robots\" content=\"index, follow, max-snippet:-1, max-image-preview:large, max-video-preview:-1\" \/>\n<link rel=\"canonical\" href=\"https:\/\/psnv-wuerzburg.de\/?page_id=38\" \/>\n<meta property=\"og:locale\" content=\"de_DE\" \/>\n<meta property=\"og:type\" content=\"article\" \/>\n<meta property=\"og:title\" content=\"Speziell f\u00fcr Einsatzkr\u00e4fte - PSNV W\u00fcrzburg\" \/>\n<meta property=\"og:description\" content=\"Psychosoziale Notfallversorgung, Notfallseelsorge, Schlimmer Einsatz, Schwerer Einsatz, Seelsorge nach Suizid, Seelsorge nach Todesnachricht, Todesnachricht, Notfallseelsorge, PTBS, Ich hab etwas Schlimmes erlebt, Einsatznachsorge, Seelsorgerliche Begleitung\" \/>\n<meta property=\"og:url\" content=\"https:\/\/psnv-wuerzburg.de\/?page_id=38\" \/>\n<meta property=\"og:site_name\" content=\"PSNV W\u00fcrzburg\" \/>\n<meta property=\"article:modified_time\" content=\"2022-01-03T18:09:59+00:00\" \/>\n<meta property=\"og:image\" content=\"https:\/\/psnv-wuerzburg.de\/wp-content\/uploads\/2022\/01\/Hochwasser_\u00a9Lena-Mucha_22.07.2021_-15_medium.jpg\" \/>\n\t<meta property=\"og:image:width\" content=\"600\" \/>\n\t<meta property=\"og:image:height\" content=\"399\" \/>\n\t<meta property=\"og:image:type\" content=\"image\/jpeg\" \/>\n<meta name=\"twitter:card\" content=\"summary_large_image\" \/>\n<meta name=\"twitter:label1\" content=\"Gesch\u00e4tzte Lesezeit\" \/>\n\t<meta name=\"twitter:data1\" content=\"1\u00a0Minute\" \/>\n<script type=\"application\/ld+json\" class=\"yoast-schema-graph\">{\"@context\":\"https:\/\/schema.org\",\"@graph\":[{\"@type\":\"WebSite\",\"@id\":\"https:\/\/psnv-wuerzburg.de\/#website\",\"url\":\"https:\/\/psnv-wuerzburg.de\/\",\"name\":\"PSNV W\u00fcrzburg\",\"description\":\"Psychosoziale Notfallversorgung (PSNV) definiert die Ma\u00dfnahmen und Strukturen f\u00fcr belastende Notf\u00e4lle und Einsatzsituationen\",\"potentialAction\":[{\"@type\":\"SearchAction\",\"target\":{\"@type\":\"EntryPoint\",\"urlTemplate\":\"https:\/\/psnv-wuerzburg.de\/?s={search_term_string}\"},\"query-input\":\"required name=search_term_string\"}],\"inLanguage\":\"de\"},{\"@type\":\"WebPage\",\"@id\":\"https:\/\/psnv-wuerzburg.de\/?page_id=38\",\"url\":\"https:\/\/psnv-wuerzburg.de\/?page_id=38\",\"name\":\"Speziell f\u00fcr Einsatzkr\u00e4fte - PSNV W\u00fcrzburg\",\"isPartOf\":{\"@id\":\"https:\/\/psnv-wuerzburg.de\/#website\"},\"datePublished\":\"2019-10-25T16:32:49+00:00\",\"dateModified\":\"2022-01-03T18:09:59+00:00\",\"description\":\"Psychosoziale Notfallversorgung, Notfallseelsorge, Schlimmer Einsatz, Schwerer Einsatz, Seelsorge nach Suizid, Seelsorge nach Todesnachricht, Todesnachricht, Notfallseelsorge, PTBS, Ich hab etwas Schlimmes erlebt, Einsatznachsorge, Seelsorgerliche Begleitung\",\"breadcrumb\":{\"@id\":\"https:\/\/psnv-wuerzburg.de\/?page_id=38#breadcrumb\"},\"inLanguage\":\"de\",\"potentialAction\":[{\"@type\":\"ReadAction\",\"target\":[\"https:\/\/psnv-wuerzburg.de\/?page_id=38\"]}]},{\"@type\":\"BreadcrumbList\",\"@id\":\"https:\/\/psnv-wuerzburg.de\/?page_id=38#breadcrumb\",\"itemListElement\":[{\"@type\":\"ListItem\",\"position\":1,\"name\":\"Startseite\",\"item\":\"https:\/\/psnv-wuerzburg.de\/\"},{\"@type\":\"ListItem\",\"position\":2,\"name\":\"PSNV im Bereich W\u00fcrzburg\",\"item\":\"https:\/\/psnv-wuerzburg.de\/\"},{\"@type\":\"ListItem\",\"position\":3,\"name\":\"PSNV-E f\u00fcr Einsatzkr\u00e4fte\",\"item\":\"https:\/\/psnv-wuerzburg.de\/?page_id=16\"},{\"@type\":\"ListItem\",\"position\":4,\"name\":\"Speziell f\u00fcr Einsatzkr\u00e4fte\"}]},{\"@type\":\"Person\",\"@id\":\"https:\/\/psnv-wuerzburg.de\/#\/schema\/person\/1543b71d102eff1159cff1a6652d421d\",\"name\":\"ptwadmin\",\"image\":{\"@type\":\"ImageObject\",\"inLanguage\":\"de\",\"@id\":\"https:\/\/psnv-wuerzburg.de\/#\/schema\/person\/image\/\",\"url\":\"https:\/\/secure.gravatar.com\/avatar\/808f49732d9c033b5550e3f675d4e948?s=96&d=mm&r=g\",\"contentUrl\":\"https:\/\/secure.gravatar.com\/avatar\/808f49732d9c033b5550e3f675d4e948?s=96&d=mm&r=g\",\"caption\":\"ptwadmin\"},\"url\":\"https:\/\/psnv-wuerzburg.de\/?author=1\"}]}<\/script>\n<!-- \/ Yoast SEO plugin. -->","yoast_head_json":{"title":"Speziell f\u00fcr Einsatzkr\u00e4fte - PSNV W\u00fcrzburg","description":"Psychosoziale Notfallversorgung, Notfallseelsorge, Schlimmer Einsatz, Schwerer Einsatz, Seelsorge nach Suizid, Seelsorge nach Todesnachricht, Todesnachricht, Notfallseelsorge, PTBS, Ich hab etwas Schlimmes erlebt, Einsatznachsorge, Seelsorgerliche Begleitung","robots":{"index":"index","follow":"follow","max-snippet":"max-snippet:-1","max-image-preview":"max-image-preview:large","max-video-preview":"max-video-preview:-1"},"canonical":"https:\/\/psnv-wuerzburg.de\/?page_id=38","og_locale":"de_DE","og_type":"article","og_title":"Speziell f\u00fcr Einsatzkr\u00e4fte - PSNV W\u00fcrzburg","og_description":"Psychosoziale Notfallversorgung, Notfallseelsorge, Schlimmer Einsatz, Schwerer Einsatz, Seelsorge nach Suizid, Seelsorge nach Todesnachricht, Todesnachricht, Notfallseelsorge, PTBS, Ich hab etwas Schlimmes erlebt, Einsatznachsorge, Seelsorgerliche Begleitung","og_url":"https:\/\/psnv-wuerzburg.de\/?page_id=38","og_site_name":"PSNV W\u00fcrzburg","article_modified_time":"2022-01-03T18:09:59+00:00","og_image":[{"width":600,"height":399,"url":"https:\/\/psnv-wuerzburg.de\/wp-content\/uploads\/2022\/01\/Hochwasser_\u00a9Lena-Mucha_22.07.2021_-15_medium.jpg","type":"image\/jpeg"}],"twitter_card":"summary_large_image","twitter_misc":{"Gesch\u00e4tzte Lesezeit":"1\u00a0Minute"},"schema":{"@context":"https:\/\/schema.org","@graph":[{"@type":"WebSite","@id":"https:\/\/psnv-wuerzburg.de\/#website","url":"https:\/\/psnv-wuerzburg.de\/","name":"PSNV W\u00fcrzburg","description":"Psychosoziale Notfallversorgung (PSNV) definiert die Ma\u00dfnahmen und Strukturen f\u00fcr belastende Notf\u00e4lle und Einsatzsituationen","potentialAction":[{"@type":"SearchAction","target":{"@type":"EntryPoint","urlTemplate":"https:\/\/psnv-wuerzburg.de\/?s={search_term_string}"},"query-input":"required name=search_term_string"}],"inLanguage":"de"},{"@type":"WebPage","@id":"https:\/\/psnv-wuerzburg.de\/?page_id=38","url":"https:\/\/psnv-wuerzburg.de\/?page_id=38","name":"Speziell f\u00fcr Einsatzkr\u00e4fte - PSNV W\u00fcrzburg","isPartOf":{"@id":"https:\/\/psnv-wuerzburg.de\/#website"},"datePublished":"2019-10-25T16:32:49+00:00","dateModified":"2022-01-03T18:09:59+00:00","description":"Psychosoziale Notfallversorgung, Notfallseelsorge, Schlimmer Einsatz, Schwerer Einsatz, Seelsorge nach Suizid, Seelsorge nach Todesnachricht, Todesnachricht, Notfallseelsorge, PTBS, Ich hab etwas Schlimmes erlebt, Einsatznachsorge, Seelsorgerliche Begleitung","breadcrumb":{"@id":"https:\/\/psnv-wuerzburg.de\/?page_id=38#breadcrumb"},"inLanguage":"de","potentialAction":[{"@type":"ReadAction","target":["https:\/\/psnv-wuerzburg.de\/?page_id=38"]}]},{"@type":"BreadcrumbList","@id":"https:\/\/psnv-wuerzburg.de\/?page_id=38#breadcrumb","itemListElement":[{"@type":"ListItem","position":1,"name":"Startseite","item":"https:\/\/psnv-wuerzburg.de\/"},{"@type":"ListItem","position":2,"name":"PSNV im Bereich W\u00fcrzburg","item":"https:\/\/psnv-wuerzburg.de\/"},{"@type":"ListItem","position":3,"name":"PSNV-E f\u00fcr Einsatzkr\u00e4fte","item":"https:\/\/psnv-wuerzburg.de\/?page_id=16"},{"@type":"ListItem","position":4,"name":"Speziell f\u00fcr Einsatzkr\u00e4fte"}]},{"@type":"Person","@id":"https:\/\/psnv-wuerzburg.de\/#\/schema\/person\/1543b71d102eff1159cff1a6652d421d","name":"ptwadmin","image":{"@type":"ImageObject","inLanguage":"de","@id":"https:\/\/psnv-wuerzburg.de\/#\/schema\/person\/image\/","url":"https:\/\/secure.gravatar.com\/avatar\/808f49732d9c033b5550e3f675d4e948?s=96&d=mm&r=g","contentUrl":"https:\/\/secure.gravatar.com\/avatar\/808f49732d9c033b5550e3f675d4e948?s=96&d=mm&r=g","caption":"ptwadmin"},"url":"https:\/\/psnv-wuerzburg.de\/?author=1"}]}},"_links":{"self":[{"href":"https:\/\/psnv-wuerzburg.de\/index.php?rest_route=\/wp\/v2\/pages\/38"}],"collection":[{"href":"https:\/\/psnv-wuerzburg.de\/index.php?rest_route=\/wp\/v2\/pages"}],"about":[{"href":"https:\/\/psnv-wuerzburg.de\/index.php?rest_route=\/wp\/v2\/types\/page"}],"author":[{"embeddable":true,"href":"https:\/\/psnv-wuerzburg.de\/index.php?rest_route=\/wp\/v2\/users\/1"}],"replies":[{"embeddable":true,"href":"https:\/\/psnv-wuerzburg.de\/index.php?rest_route=%2Fwp%2Fv2%2Fcomments&post=38"}],"version-history":[{"count":7,"href":"https:\/\/psnv-wuerzburg.de\/index.php?rest_route=\/wp\/v2\/pages\/38\/revisions"}],"predecessor-version":[{"id":368,"href":"https:\/\/psnv-wuerzburg.de\/index.php?rest_route=\/wp\/v2\/pages\/38\/revisions\/368"}],"up":[{"embeddable":true,"href":"https:\/\/psnv-wuerzburg.de\/index.php?rest_route=\/wp\/v2\/pages\/16"}],"wp:featuredmedia":[{"embeddable":true,"href":"https:\/\/psnv-wuerzburg.de\/index.php?rest_route=\/wp\/v2\/media\/346"}],"wp:attachment":[{"href":"https:\/\/psnv-wuerzburg.de\/index.php?rest_route=%2Fwp%2Fv2%2Fmedia&parent=38"}],"curies":[{"name":"wp","href":"https:\/\/api.w.org\/{rel}","templated":true}]}}