{"id":43,"date":"2019-10-25T16:39:49","date_gmt":"2019-10-25T16:39:49","guid":{"rendered":"http:\/\/beta.xn--prventionsteam-wrzburg-14b40d.de\/?page_id=43"},"modified":"2022-01-03T19:11:34","modified_gmt":"2022-01-03T18:11:34","slug":"impressum","status":"publish","type":"page","link":"https:\/\/psnv-wuerzburg.de\/?page_id=43","title":{"rendered":"Impressum"},"content":{"rendered":"\n<p><strong>Johanniter-Unfall-Hilfe e. V.<\/strong><br>Regionalverband Unterfranken<br>Waltherstra\u00dfe 6<br>D-97074 W\u00fcrzburg<\/p>\n\n\n\n<p><strong>Vereinsregister: Nr.&nbsp;<\/strong>17661 B &nbsp;<br><strong>Registergericht:&nbsp;<\/strong>Amtsgericht Charlottenburg<\/p>\n\n\n\n<p><strong>vertreten durch:<\/strong><\/p>\n\n\n\n<p><strong>Regionalvorstand (Vorstand i. S. v.\u00a7 26 BGB):<\/strong><br>Uwe Kinstle<br>Ralph Kn\u00fcttel<\/p>\n\n\n\n<p><strong>Kontakt:<\/strong><br>Telefon: +49 931 79628-99<br>Telefax: +49 931 79628-88<br>E-Mail:&nbsp;<a href=\"mailto:unterfranken@johanniter.de\">unterfranken@johanniter.de<\/a><\/p>\n\n\n\n<p><strong>Umsatzsteuer- ID:&nbsp;<\/strong>DE 122124138<\/p>\n\n\n\n<p><strong>Mitglied der Industrie- und Handelskammer zu Berlin<\/strong><\/p>\n\n\n\n<p>Fasanenstra\u00dfe 85, 10623 Berlin<br>Versicherungsvermittlerregister<br>(<a href=\"http:\/\/www.vermittlerregister.info\/\" target=\"_blank\" rel=\"noreferrer noopener\">http:\/\/www.vermittlerregister.info\/<\/a>): Register-Nr.: D-2KBC-2OI08-50 &nbsp;<\/p>\n\n\n\n<p><strong>Gebundener Versicherungsvertreter<\/strong>&nbsp;gem\u00e4\u00df \u00a7 34d Abs. 4 GewO;<\/p>\n\n\n\n<p>Bundesrepublik Deutschland<br>Berufsrechtliche Regelungen:<\/p>\n\n\n\n<ul><li>\u00a7 34d Gewerbeordnung<\/li><li>\u00a7\u00a7 59-68 VVG<\/li><li>VersVermV<\/li><\/ul>\n\n\n\n<p>Die berufsrechtlichen Regelungen k\u00f6nnen \u00fcber die vom Bundesministerium der Justiz und von der juris GmbH betriebenen Homepage&nbsp;<a href=\"http:\/\/www.gesetze-im-internet.de\/\" target=\"_blank\" rel=\"noreferrer noopener\">http:\/\/www.gesetze-im-internet.de<\/a>&nbsp;eingesehen und abgerufen werden.<\/p>\n\n\n\n<p><strong>Ombudsm\u00e4nner:<\/strong><br>Versicherungsombudsmann e. V.<br>Postfach 080632<br>10006 Berlin<br><a href=\"http:\/\/www.versicherungsombudsmann.de\/\" target=\"_blank\" rel=\"noreferrer noopener\">www.versicherungsombudsmann.de<\/a><\/p>\n\n\n\n<p>Ombudsmann Private Kranken- und Pflegeversicherung<br>Postfach 06 02 22<br>10052 Berlin<br><a href=\"http:\/\/www.pkv-ombudsmann.de\/\" target=\"_blank\" rel=\"noreferrer noopener\">www.pkv-ombudsmann.de<\/a><\/p>\n\n\n\n<p><strong>Verantwortlich f\u00fcr den Inhalt nach \u00a7 18 Abs. 2 MStV:<\/strong><\/p>\n\n\n\n<p>Uwe Kinstle (Mitglied des Regionalvorstandes)<br>Johanniter-Unfall-Hilfe e.V.<br>Bundesgesch\u00e4ftsstelle<br>Waltherstra\u00dfe 6<br>97074 W\u00fcrzburg<\/p>\n\n\n\n<p><strong>Verbraucherstreitbeilegung:<\/strong><br>Die Johanniter-Unfall-Hilfe e.V. ist nicht bereit, an einem Streitbeilegungsverfahren vor einer Verbraucherschlichtungsstelle teilzunehmen.<\/p>\n\n\n\n<p><strong>Informationen zur au\u00dfergerichtlichen Online-Streitbeilegung (EU):<\/strong><br>Die Europ\u00e4ische Kommission stellt eine Plattform zur au\u00dfergerichtlichen Online-Streitbeilegung (sog. OS-Plattform) bereit, die Sie hier (<a href=\"http:\/\/ec.europa.eu\/consumers\/odr\/\" target=\"_blank\" rel=\"noreferrer noopener\">http:\/\/ec.europa.eu\/consumers\/odr\/<\/a>&nbsp;) finden.<\/p>\n","protected":false},"excerpt":{"rendered":"<p>Johanniter-Unfall-Hilfe e. V.Regionalverband UnterfrankenWaltherstra\u00dfe 6D-97074 W\u00fcrzburg Vereinsregister: Nr.&nbsp;17661 B &nbsp;Registergericht:&nbsp;Amtsgericht Charlottenburg vertreten durch: Regionalvorstand (Vorstand i. S. v.\u00a7 26 BGB):Uwe KinstleRalph Kn\u00fcttel Kontakt:Telefon: +49 931 79628-99Telefax: +49 931 79628-88E-Mail:&nbsp;unterfranken@johanniter.de Umsatzsteuer- ID:&nbsp;DE 122124138 Mitglied der Industrie- und Handelskammer zu Berlin Fasanenstra\u00dfe 85, 10623 BerlinVersicherungsvermittlerregister(http:\/\/www.vermittlerregister.info\/): Register-Nr.: D-2KBC-2OI08-50 &nbsp; Gebundener Versicherungsvertreter&nbsp;gem\u00e4\u00df \u00a7 34d Abs. 4 GewO; Bundesrepublik DeutschlandBerufsrechtliche &hellip; <a href=\"https:\/\/psnv-wuerzburg.de\/?page_id=43\" class=\"more-link\"><span class=\"screen-reader-text\">Impressum<\/span> weiterlesen<\/a><\/p>\n","protected":false},"author":1,"featured_media":156,"parent":0,"menu_order":0,"comment_status":"closed","ping_status":"closed","template":"page-templates\/full-width-page.php","meta":[],"yoast_head":"<!-- This site is optimized with the Yoast SEO plugin v19.4 - https:\/\/yoast.com\/wordpress\/plugins\/seo\/ -->\n<title>Impressum - PSNV W\u00fcrzburg<\/title>\n<meta name=\"description\" content=\"Psychosoziale Notfallversorgung, Notfallseelsorge, Schlimmer Einsatz, Schwerer Einsatz, Seelsorge nach Suizid, Seelsorge nach Todesnachricht, Todesnachricht, Notfallseelsorge, PTBS, Ich hab etwas Schlimmes erlebt, Einsatznachsorge, Seelsorgerliche Begleitung\" \/>\n<meta name=\"robots\" content=\"index, follow, max-snippet:-1, max-image-preview:large, max-video-preview:-1\" \/>\n<link rel=\"canonical\" href=\"https:\/\/psnv-wuerzburg.de\/?page_id=43\" \/>\n<meta property=\"og:locale\" content=\"de_DE\" \/>\n<meta property=\"og:type\" content=\"article\" \/>\n<meta property=\"og:title\" content=\"Impressum - PSNV W\u00fcrzburg\" \/>\n<meta property=\"og:description\" content=\"Psychosoziale Notfallversorgung, Notfallseelsorge, Schlimmer Einsatz, Schwerer Einsatz, Seelsorge nach Suizid, Seelsorge nach Todesnachricht, Todesnachricht, Notfallseelsorge, PTBS, Ich hab etwas Schlimmes erlebt, Einsatznachsorge, Seelsorgerliche Begleitung\" \/>\n<meta property=\"og:url\" content=\"https:\/\/psnv-wuerzburg.de\/?page_id=43\" \/>\n<meta property=\"og:site_name\" content=\"PSNV W\u00fcrzburg\" \/>\n<meta property=\"article:modified_time\" content=\"2022-01-03T18:11:34+00:00\" \/>\n<meta property=\"og:image\" content=\"https:\/\/psnv-wuerzburg.de\/wp-content\/uploads\/2021\/08\/grau.png\" \/>\n\t<meta property=\"og:image:width\" content=\"1920\" \/>\n\t<meta property=\"og:image:height\" content=\"1440\" \/>\n\t<meta property=\"og:image:type\" content=\"image\/png\" \/>\n<meta name=\"twitter:card\" content=\"summary_large_image\" \/>\n<meta name=\"twitter:label1\" content=\"Gesch\u00e4tzte Lesezeit\" \/>\n\t<meta name=\"twitter:data1\" content=\"1\u00a0Minute\" \/>\n<script type=\"application\/ld+json\" class=\"yoast-schema-graph\">{\"@context\":\"https:\/\/schema.org\",\"@graph\":[{\"@type\":\"WebSite\",\"@id\":\"https:\/\/psnv-wuerzburg.de\/#website\",\"url\":\"https:\/\/psnv-wuerzburg.de\/\",\"name\":\"PSNV W\u00fcrzburg\",\"description\":\"Psychosoziale Notfallversorgung (PSNV) definiert die Ma\u00dfnahmen und Strukturen f\u00fcr belastende Notf\u00e4lle und Einsatzsituationen\",\"potentialAction\":[{\"@type\":\"SearchAction\",\"target\":{\"@type\":\"EntryPoint\",\"urlTemplate\":\"https:\/\/psnv-wuerzburg.de\/?s={search_term_string}\"},\"query-input\":\"required name=search_term_string\"}],\"inLanguage\":\"de\"},{\"@type\":\"WebPage\",\"@id\":\"https:\/\/psnv-wuerzburg.de\/?page_id=43\",\"url\":\"https:\/\/psnv-wuerzburg.de\/?page_id=43\",\"name\":\"Impressum - PSNV W\u00fcrzburg\",\"isPartOf\":{\"@id\":\"https:\/\/psnv-wuerzburg.de\/#website\"},\"datePublished\":\"2019-10-25T16:39:49+00:00\",\"dateModified\":\"2022-01-03T18:11:34+00:00\",\"description\":\"Psychosoziale Notfallversorgung, Notfallseelsorge, Schlimmer Einsatz, Schwerer Einsatz, Seelsorge nach Suizid, Seelsorge nach Todesnachricht, Todesnachricht, Notfallseelsorge, PTBS, Ich hab etwas Schlimmes erlebt, Einsatznachsorge, Seelsorgerliche Begleitung\",\"breadcrumb\":{\"@id\":\"https:\/\/psnv-wuerzburg.de\/?page_id=43#breadcrumb\"},\"inLanguage\":\"de\",\"potentialAction\":[{\"@type\":\"ReadAction\",\"target\":[\"https:\/\/psnv-wuerzburg.de\/?page_id=43\"]}]},{\"@type\":\"BreadcrumbList\",\"@id\":\"https:\/\/psnv-wuerzburg.de\/?page_id=43#breadcrumb\",\"itemListElement\":[{\"@type\":\"ListItem\",\"position\":1,\"name\":\"Startseite\",\"item\":\"https:\/\/psnv-wuerzburg.de\/\"},{\"@type\":\"ListItem\",\"position\":2,\"name\":\"Impressum\"}]},{\"@type\":\"Person\",\"@id\":\"https:\/\/psnv-wuerzburg.de\/#\/schema\/person\/1543b71d102eff1159cff1a6652d421d\",\"name\":\"ptwadmin\",\"image\":{\"@type\":\"ImageObject\",\"inLanguage\":\"de\",\"@id\":\"https:\/\/psnv-wuerzburg.de\/#\/schema\/person\/image\/\",\"url\":\"https:\/\/secure.gravatar.com\/avatar\/808f49732d9c033b5550e3f675d4e948?s=96&d=mm&r=g\",\"contentUrl\":\"https:\/\/secure.gravatar.com\/avatar\/808f49732d9c033b5550e3f675d4e948?s=96&d=mm&r=g\",\"caption\":\"ptwadmin\"},\"url\":\"https:\/\/psnv-wuerzburg.de\/?author=1\"}]}<\/script>\n<!-- \/ Yoast SEO plugin. -->","yoast_head_json":{"title":"Impressum - PSNV W\u00fcrzburg","description":"Psychosoziale Notfallversorgung, Notfallseelsorge, Schlimmer Einsatz, Schwerer Einsatz, Seelsorge nach Suizid, Seelsorge nach Todesnachricht, Todesnachricht, Notfallseelsorge, PTBS, Ich hab etwas Schlimmes erlebt, Einsatznachsorge, Seelsorgerliche Begleitung","robots":{"index":"index","follow":"follow","max-snippet":"max-snippet:-1","max-image-preview":"max-image-preview:large","max-video-preview":"max-video-preview:-1"},"canonical":"https:\/\/psnv-wuerzburg.de\/?page_id=43","og_locale":"de_DE","og_type":"article","og_title":"Impressum - PSNV W\u00fcrzburg","og_description":"Psychosoziale Notfallversorgung, Notfallseelsorge, Schlimmer Einsatz, Schwerer Einsatz, Seelsorge nach Suizid, Seelsorge nach Todesnachricht, Todesnachricht, Notfallseelsorge, PTBS, Ich hab etwas Schlimmes erlebt, Einsatznachsorge, Seelsorgerliche Begleitung","og_url":"https:\/\/psnv-wuerzburg.de\/?page_id=43","og_site_name":"PSNV W\u00fcrzburg","article_modified_time":"2022-01-03T18:11:34+00:00","og_image":[{"width":1920,"height":1440,"url":"https:\/\/psnv-wuerzburg.de\/wp-content\/uploads\/2021\/08\/grau.png","type":"image\/png"}],"twitter_card":"summary_large_image","twitter_misc":{"Gesch\u00e4tzte Lesezeit":"1\u00a0Minute"},"schema":{"@context":"https:\/\/schema.org","@graph":[{"@type":"WebSite","@id":"https:\/\/psnv-wuerzburg.de\/#website","url":"https:\/\/psnv-wuerzburg.de\/","name":"PSNV W\u00fcrzburg","description":"Psychosoziale Notfallversorgung (PSNV) definiert die Ma\u00dfnahmen und Strukturen f\u00fcr belastende Notf\u00e4lle und Einsatzsituationen","potentialAction":[{"@type":"SearchAction","target":{"@type":"EntryPoint","urlTemplate":"https:\/\/psnv-wuerzburg.de\/?s={search_term_string}"},"query-input":"required name=search_term_string"}],"inLanguage":"de"},{"@type":"WebPage","@id":"https:\/\/psnv-wuerzburg.de\/?page_id=43","url":"https:\/\/psnv-wuerzburg.de\/?page_id=43","name":"Impressum - PSNV W\u00fcrzburg","isPartOf":{"@id":"https:\/\/psnv-wuerzburg.de\/#website"},"datePublished":"2019-10-25T16:39:49+00:00","dateModified":"2022-01-03T18:11:34+00:00","description":"Psychosoziale Notfallversorgung, Notfallseelsorge, Schlimmer Einsatz, Schwerer Einsatz, Seelsorge nach Suizid, Seelsorge nach Todesnachricht, Todesnachricht, Notfallseelsorge, PTBS, Ich hab etwas Schlimmes erlebt, Einsatznachsorge, Seelsorgerliche Begleitung","breadcrumb":{"@id":"https:\/\/psnv-wuerzburg.de\/?page_id=43#breadcrumb"},"inLanguage":"de","potentialAction":[{"@type":"ReadAction","target":["https:\/\/psnv-wuerzburg.de\/?page_id=43"]}]},{"@type":"BreadcrumbList","@id":"https:\/\/psnv-wuerzburg.de\/?page_id=43#breadcrumb","itemListElement":[{"@type":"ListItem","position":1,"name":"Startseite","item":"https:\/\/psnv-wuerzburg.de\/"},{"@type":"ListItem","position":2,"name":"Impressum"}]},{"@type":"Person","@id":"https:\/\/psnv-wuerzburg.de\/#\/schema\/person\/1543b71d102eff1159cff1a6652d421d","name":"ptwadmin","image":{"@type":"ImageObject","inLanguage":"de","@id":"https:\/\/psnv-wuerzburg.de\/#\/schema\/person\/image\/","url":"https:\/\/secure.gravatar.com\/avatar\/808f49732d9c033b5550e3f675d4e948?s=96&d=mm&r=g","contentUrl":"https:\/\/secure.gravatar.com\/avatar\/808f49732d9c033b5550e3f675d4e948?s=96&d=mm&r=g","caption":"ptwadmin"},"url":"https:\/\/psnv-wuerzburg.de\/?author=1"}]}},"_links":{"self":[{"href":"https:\/\/psnv-wuerzburg.de\/index.php?rest_route=\/wp\/v2\/pages\/43"}],"collection":[{"href":"https:\/\/psnv-wuerzburg.de\/index.php?rest_route=\/wp\/v2\/pages"}],"about":[{"href":"https:\/\/psnv-wuerzburg.de\/index.php?rest_route=\/wp\/v2\/types\/page"}],"author":[{"embeddable":true,"href":"https:\/\/psnv-wuerzburg.de\/index.php?rest_route=\/wp\/v2\/users\/1"}],"replies":[{"embeddable":true,"href":"https:\/\/psnv-wuerzburg.de\/index.php?rest_route=%2Fwp%2Fv2%2Fcomments&post=43"}],"version-history":[{"count":8,"href":"https:\/\/psnv-wuerzburg.de\/index.php?rest_route=\/wp\/v2\/pages\/43\/revisions"}],"predecessor-version":[{"id":369,"href":"https:\/\/psnv-wuerzburg.de\/index.php?rest_route=\/wp\/v2\/pages\/43\/revisions\/369"}],"wp:featuredmedia":[{"embeddable":true,"href":"https:\/\/psnv-wuerzburg.de\/index.php?rest_route=\/wp\/v2\/media\/156"}],"wp:attachment":[{"href":"https:\/\/psnv-wuerzburg.de\/index.php?rest_route=%2Fwp%2Fv2%2Fmedia&parent=43"}],"curies":[{"name":"wp","href":"https:\/\/api.w.org\/{rel}","templated":true}]}}