{"id":92,"date":"2021-08-17T11:23:49","date_gmt":"2021-08-17T11:23:49","guid":{"rendered":"http:\/\/beta.xn--prventionsteam-wrzburg-14b40d.de\/?page_id=92"},"modified":"2021-11-04T10:32:28","modified_gmt":"2021-11-04T09:32:28","slug":"arbeitsgemeinschaft-psnv","status":"publish","type":"page","link":"https:\/\/psnv-wuerzburg.de\/?page_id=92","title":{"rendered":"Arbeitsgemeinschaft PSNV"},"content":{"rendered":"\n<p>Sehr geehrte Besucherin, sehr geehrter Besucher der Homepage der W\u00fcrzburger PSNV!<\/p>\n\n\n\n<p>Seit 1994 unterst\u00fctzen und begleiten wir alle Menschen und auch Menschen aus Professionen im Einsatzwesen, die im privaten oder beruflichen Alltag mit Grenzsituationen des Lebens konfrontiert werden und sich dadurch \u00fcberfordert und belastet f\u00fchlen. Auf unserer Homepage m\u00f6chten wir Ihnen einen Einblick in unsere Arbeit gew\u00e4hren und Sie im Folgenden in aller K\u00fcrze mitnehmen.<\/p>\n\n\n\n<p>Einsatzkr\u00e4fte, ob sie haupt- oder ehrenamtlich, k\u00f6nnen im Rahmen ihres Dienstes in Situationen geraten, die ihnen so weit nahegehen, dass sie dadurch nachhaltig belastet sind. Sie tragen die Empfindungen, Bilder oder Ger\u00fcche mit nach Hause in ihre Familien und in ihr gesamtes Privatleben. Ihnen kann es durch die Heftigkeit des Erlebten schwerfallen, sich davon zu distanzieren oder einen n\u00f6tigen Abstand zu gewinnen mit dem es sich leben l\u00e4sst. Diese m\u00f6glichen inneren Belastungen der Einsatzkr\u00e4fte, resultierend aus ihrem beruflichen Engagement, nehmen wir wahr und ernst und sehen es als Teil unserer Verantwortung, f\u00fcr die individuellen Folgen belastender Eins\u00e4tze Beistand und Verarbeitungshilfen bereit zu stellen. Kollegiale Gespr\u00e4che, St\u00e4rkung im eigenen Team und Anerkennung durch Vorgesetzte hatten spontan und menschlich eine gute Wirkung auf die unter den Eindr\u00fccken stehenden Personen. Aber das sensible Feld der psychischen Belastungen erfordert auch eine fachlich fundierte und ge\u00fcbte Beratung, um die Hilfe nicht dem Zufall und der augenblicklichen Befindlichkeit der Hilfsbereiten zu \u00fcberlassen. Aus diesem Grund haben wir aus den Einsatzdiensten geeignete Mitarbeiter und Mitarbeiterinnen ausgebildet, die als Peer f\u00fcr ihre Kollegen geschult und unter fachlicher Gespr\u00e4chsleitung die Beratung aus eigener beruflicher Erfahrung heraus leisten.<\/p>\n\n\n\n<p>Doch nicht nur f\u00fcr Einsatzkr\u00e4fte halten wir seelische und beistehende Hilfe in besonderen Belastungen bereit. Sind Angeh\u00f6rige, Ersthelfer, Zeugen oder Betroffene von Unf\u00e4llen besonderen Belastungen ausgesetzt, dann wird f\u00fcr sie die Notfallseelsorge gerufen. Als psychosoziale Akuthilfe k\u00f6nnen die Fachkr\u00e4fte in der akuten seelischen Notlage den Betroffenen beistehen. Auch f\u00fcr diesen Dienst sind die ehrenamtlichen Helfer bestens und fachgerecht ausgebildet, um Ersch\u00f6pften in belastenden Situationen zur Seite stehen und helfen, schlimme Ereignisse zu verarbeiten.<\/p>\n\n\n\n<p>Wir w\u00fcnschen Ihnen eine gute Zeit auf unserer Homepage und stehen bei Fragen und Anregungen gerne zur Verf\u00fcgung!<\/p>\n\n\n\n<p><em>Uwe Kinstle<\/em>&nbsp;&nbsp;&nbsp;&nbsp;&nbsp;&nbsp;&nbsp;&nbsp;&nbsp;&nbsp;&nbsp;&nbsp;&nbsp;&nbsp;&nbsp;&nbsp;&nbsp;&nbsp;&nbsp;&nbsp;&nbsp;&nbsp;&nbsp;&nbsp;&nbsp;&nbsp;&nbsp;&nbsp;&nbsp;&nbsp;&nbsp;&nbsp;&nbsp;&nbsp;&nbsp;&nbsp;&nbsp;&nbsp;&nbsp;&nbsp; <em>Harald Rehmann<\/em><\/p>\n\n\n\n<h4>Arbeitsgemeinschaft Psychosoziale Notfallversorgung f\u00fcr Stadt und Landkreis W\u00fcrzburg<\/h4>\n\n\n\n<p>Die Arbeitsgemeinschaft ist ein freiwilliger Zusammenschluss zur Vernetzung der Angebote der Psychosozialen Notfallversorgung in Stadt und Landkreis W\u00fcrzburg. Durch den Zusammenschluss soll es erleichtert werden, Ma\u00dfnahmen zur Pr\u00e4vention, zur Fr\u00fcherkennung von psychosozialen Belastungen infolge von Notf\u00e4llen sowie ad\u00e4quate Unterst\u00fctzung und Hilfe f\u00fcr betroffene Personen und Einsatzkr\u00e4fte zur Verf\u00fcgung zu haben.<\/p>\n\n\n\n<p>Der Arbeitsgemeinschaft geh\u00f6ren an: <\/p>\n\n\n\n<ul><li>Notfallseelsorge der Evang.-Luth. Kirche <\/li><li>Notfallseelsorge der Katholischen Kirche<\/li><li>Feuerwehren der Stadt W\u00fcrzburg<\/li><li>Feuerwehren des Landkreises W\u00fcrzburg<\/li><li>Bayerisches Rotes Kreuz, Kreisverband W\u00fcrzburg<\/li><li>Johanniter-Unfall-Hilfe e.V., Regionalverband Unterfranken<\/li><li>Malteser Hilfsdient e.V.<\/li><li>Stadt W\u00fcrzburg, untere Katastrophenschutzbeh\u00f6rde<\/li><li>Landratsamt W\u00fcrzburg, untere Katastrophenschutzbeh\u00f6rde<\/li><\/ul>\n\n\n\n<p>Die Arbeitsgemeinschaft stellt im Auftrag zusammen mit der Stadt und dem Landkreis W\u00fcrzburg als zust\u00e4ndigen Kreisverwaltungsbeh\u00f6rden die Psychosoziale Notfallversorgung im Bereich W\u00fcrzburg sicher. <\/p>\n\n\n\n<p>Weitere Beh\u00f6rden und Institutionen k\u00f6nnen in der Arbeitsgemeinschaft mitarbeiten.  <\/p>\n\n\n\n<p><a rel=\"noreferrer noopener\" href=\"https:\/\/psnv-wuerzburg.de\/wp-content\/uploads\/2021\/10\/Organigramm_PSNV_2019-11-21.pdf\" data-type=\"URL\" target=\"_blank\">Organigramm der PSNV in W\u00fcrzburg<\/a> (PDF)<\/p>\n","protected":false},"excerpt":{"rendered":"<p>Sehr geehrte Besucherin, sehr geehrter Besucher der Homepage der W\u00fcrzburger PSNV! Seit 1994 unterst\u00fctzen und begleiten wir alle Menschen und auch Menschen aus Professionen im Einsatzwesen, die im privaten oder beruflichen Alltag mit Grenzsituationen des Lebens konfrontiert werden und sich dadurch \u00fcberfordert und belastet f\u00fchlen. Auf unserer Homepage m\u00f6chten wir Ihnen einen Einblick in unsere &hellip; <a href=\"https:\/\/psnv-wuerzburg.de\/?page_id=92\" class=\"more-link\"><span class=\"screen-reader-text\">Arbeitsgemeinschaft PSNV<\/span> weiterlesen<\/a><\/p>\n","protected":false},"author":1,"featured_media":156,"parent":2,"menu_order":0,"comment_status":"closed","ping_status":"closed","template":"page-templates\/full-width-page.php","meta":[],"yoast_head":"<!-- This site is optimized with the Yoast SEO plugin v19.4 - https:\/\/yoast.com\/wordpress\/plugins\/seo\/ -->\n<title>Arbeitsgemeinschaft PSNV - PSNV W\u00fcrzburg<\/title>\n<meta name=\"description\" content=\"Psychosoziale Notfallversorgung, Notfallseelsorge, Schlimmer Einsatz, Schwerer Einsatz, Seelsorge nach Suizid, Seelsorge nach Todesnachricht, Todesnachricht, Notfallseelsorge, PTBS, Ich hab etwas Schlimmes erlebt, Einsatznachsorge, Seelsorgerliche Begleitung\" \/>\n<meta name=\"robots\" content=\"index, follow, max-snippet:-1, max-image-preview:large, max-video-preview:-1\" \/>\n<link rel=\"canonical\" href=\"https:\/\/psnv-wuerzburg.de\/?page_id=92\" \/>\n<meta property=\"og:locale\" content=\"de_DE\" \/>\n<meta property=\"og:type\" content=\"article\" \/>\n<meta property=\"og:title\" content=\"Arbeitsgemeinschaft PSNV - PSNV W\u00fcrzburg\" \/>\n<meta property=\"og:description\" content=\"Psychosoziale Notfallversorgung, Notfallseelsorge, Schlimmer Einsatz, Schwerer Einsatz, Seelsorge nach Suizid, Seelsorge nach Todesnachricht, Todesnachricht, Notfallseelsorge, PTBS, Ich hab etwas Schlimmes erlebt, Einsatznachsorge, Seelsorgerliche Begleitung\" \/>\n<meta property=\"og:url\" content=\"https:\/\/psnv-wuerzburg.de\/?page_id=92\" \/>\n<meta property=\"og:site_name\" content=\"PSNV W\u00fcrzburg\" \/>\n<meta property=\"article:modified_time\" content=\"2021-11-04T09:32:28+00:00\" \/>\n<meta property=\"og:image\" content=\"https:\/\/psnv-wuerzburg.de\/wp-content\/uploads\/2021\/08\/grau.png\" \/>\n\t<meta property=\"og:image:width\" content=\"1920\" \/>\n\t<meta property=\"og:image:height\" content=\"1440\" \/>\n\t<meta property=\"og:image:type\" content=\"image\/png\" \/>\n<meta name=\"twitter:card\" content=\"summary_large_image\" \/>\n<meta name=\"twitter:label1\" content=\"Gesch\u00e4tzte Lesezeit\" \/>\n\t<meta name=\"twitter:data1\" content=\"3\u00a0Minuten\" \/>\n<script type=\"application\/ld+json\" class=\"yoast-schema-graph\">{\"@context\":\"https:\/\/schema.org\",\"@graph\":[{\"@type\":\"WebSite\",\"@id\":\"https:\/\/psnv-wuerzburg.de\/#website\",\"url\":\"https:\/\/psnv-wuerzburg.de\/\",\"name\":\"PSNV W\u00fcrzburg\",\"description\":\"Psychosoziale Notfallversorgung (PSNV) definiert die Ma\u00dfnahmen und Strukturen f\u00fcr belastende Notf\u00e4lle und Einsatzsituationen\",\"potentialAction\":[{\"@type\":\"SearchAction\",\"target\":{\"@type\":\"EntryPoint\",\"urlTemplate\":\"https:\/\/psnv-wuerzburg.de\/?s={search_term_string}\"},\"query-input\":\"required name=search_term_string\"}],\"inLanguage\":\"de\"},{\"@type\":\"WebPage\",\"@id\":\"https:\/\/psnv-wuerzburg.de\/?page_id=92\",\"url\":\"https:\/\/psnv-wuerzburg.de\/?page_id=92\",\"name\":\"Arbeitsgemeinschaft PSNV - PSNV W\u00fcrzburg\",\"isPartOf\":{\"@id\":\"https:\/\/psnv-wuerzburg.de\/#website\"},\"datePublished\":\"2021-08-17T11:23:49+00:00\",\"dateModified\":\"2021-11-04T09:32:28+00:00\",\"description\":\"Psychosoziale Notfallversorgung, Notfallseelsorge, Schlimmer Einsatz, Schwerer Einsatz, Seelsorge nach Suizid, Seelsorge nach Todesnachricht, Todesnachricht, Notfallseelsorge, PTBS, Ich hab etwas Schlimmes erlebt, Einsatznachsorge, Seelsorgerliche Begleitung\",\"breadcrumb\":{\"@id\":\"https:\/\/psnv-wuerzburg.de\/?page_id=92#breadcrumb\"},\"inLanguage\":\"de\",\"potentialAction\":[{\"@type\":\"ReadAction\",\"target\":[\"https:\/\/psnv-wuerzburg.de\/?page_id=92\"]}]},{\"@type\":\"BreadcrumbList\",\"@id\":\"https:\/\/psnv-wuerzburg.de\/?page_id=92#breadcrumb\",\"itemListElement\":[{\"@type\":\"ListItem\",\"position\":1,\"name\":\"Startseite\",\"item\":\"https:\/\/psnv-wuerzburg.de\/\"},{\"@type\":\"ListItem\",\"position\":2,\"name\":\"PSNV im Bereich W\u00fcrzburg\",\"item\":\"https:\/\/psnv-wuerzburg.de\/\"},{\"@type\":\"ListItem\",\"position\":3,\"name\":\"Arbeitsgemeinschaft PSNV\"}]},{\"@type\":\"Person\",\"@id\":\"https:\/\/psnv-wuerzburg.de\/#\/schema\/person\/1543b71d102eff1159cff1a6652d421d\",\"name\":\"ptwadmin\",\"image\":{\"@type\":\"ImageObject\",\"inLanguage\":\"de\",\"@id\":\"https:\/\/psnv-wuerzburg.de\/#\/schema\/person\/image\/\",\"url\":\"https:\/\/secure.gravatar.com\/avatar\/808f49732d9c033b5550e3f675d4e948?s=96&d=mm&r=g\",\"contentUrl\":\"https:\/\/secure.gravatar.com\/avatar\/808f49732d9c033b5550e3f675d4e948?s=96&d=mm&r=g\",\"caption\":\"ptwadmin\"},\"url\":\"https:\/\/psnv-wuerzburg.de\/?author=1\"}]}<\/script>\n<!-- \/ Yoast SEO plugin. -->","yoast_head_json":{"title":"Arbeitsgemeinschaft PSNV - PSNV W\u00fcrzburg","description":"Psychosoziale Notfallversorgung, Notfallseelsorge, Schlimmer Einsatz, Schwerer Einsatz, Seelsorge nach Suizid, Seelsorge nach Todesnachricht, Todesnachricht, Notfallseelsorge, PTBS, Ich hab etwas Schlimmes erlebt, Einsatznachsorge, Seelsorgerliche Begleitung","robots":{"index":"index","follow":"follow","max-snippet":"max-snippet:-1","max-image-preview":"max-image-preview:large","max-video-preview":"max-video-preview:-1"},"canonical":"https:\/\/psnv-wuerzburg.de\/?page_id=92","og_locale":"de_DE","og_type":"article","og_title":"Arbeitsgemeinschaft PSNV - PSNV W\u00fcrzburg","og_description":"Psychosoziale Notfallversorgung, Notfallseelsorge, Schlimmer Einsatz, Schwerer Einsatz, Seelsorge nach Suizid, Seelsorge nach Todesnachricht, Todesnachricht, Notfallseelsorge, PTBS, Ich hab etwas Schlimmes erlebt, Einsatznachsorge, Seelsorgerliche Begleitung","og_url":"https:\/\/psnv-wuerzburg.de\/?page_id=92","og_site_name":"PSNV W\u00fcrzburg","article_modified_time":"2021-11-04T09:32:28+00:00","og_image":[{"width":1920,"height":1440,"url":"https:\/\/psnv-wuerzburg.de\/wp-content\/uploads\/2021\/08\/grau.png","type":"image\/png"}],"twitter_card":"summary_large_image","twitter_misc":{"Gesch\u00e4tzte Lesezeit":"3\u00a0Minuten"},"schema":{"@context":"https:\/\/schema.org","@graph":[{"@type":"WebSite","@id":"https:\/\/psnv-wuerzburg.de\/#website","url":"https:\/\/psnv-wuerzburg.de\/","name":"PSNV W\u00fcrzburg","description":"Psychosoziale Notfallversorgung (PSNV) definiert die Ma\u00dfnahmen und Strukturen f\u00fcr belastende Notf\u00e4lle und Einsatzsituationen","potentialAction":[{"@type":"SearchAction","target":{"@type":"EntryPoint","urlTemplate":"https:\/\/psnv-wuerzburg.de\/?s={search_term_string}"},"query-input":"required name=search_term_string"}],"inLanguage":"de"},{"@type":"WebPage","@id":"https:\/\/psnv-wuerzburg.de\/?page_id=92","url":"https:\/\/psnv-wuerzburg.de\/?page_id=92","name":"Arbeitsgemeinschaft PSNV - PSNV W\u00fcrzburg","isPartOf":{"@id":"https:\/\/psnv-wuerzburg.de\/#website"},"datePublished":"2021-08-17T11:23:49+00:00","dateModified":"2021-11-04T09:32:28+00:00","description":"Psychosoziale Notfallversorgung, Notfallseelsorge, Schlimmer Einsatz, Schwerer Einsatz, Seelsorge nach Suizid, Seelsorge nach Todesnachricht, Todesnachricht, Notfallseelsorge, PTBS, Ich hab etwas Schlimmes erlebt, Einsatznachsorge, Seelsorgerliche Begleitung","breadcrumb":{"@id":"https:\/\/psnv-wuerzburg.de\/?page_id=92#breadcrumb"},"inLanguage":"de","potentialAction":[{"@type":"ReadAction","target":["https:\/\/psnv-wuerzburg.de\/?page_id=92"]}]},{"@type":"BreadcrumbList","@id":"https:\/\/psnv-wuerzburg.de\/?page_id=92#breadcrumb","itemListElement":[{"@type":"ListItem","position":1,"name":"Startseite","item":"https:\/\/psnv-wuerzburg.de\/"},{"@type":"ListItem","position":2,"name":"PSNV im Bereich W\u00fcrzburg","item":"https:\/\/psnv-wuerzburg.de\/"},{"@type":"ListItem","position":3,"name":"Arbeitsgemeinschaft PSNV"}]},{"@type":"Person","@id":"https:\/\/psnv-wuerzburg.de\/#\/schema\/person\/1543b71d102eff1159cff1a6652d421d","name":"ptwadmin","image":{"@type":"ImageObject","inLanguage":"de","@id":"https:\/\/psnv-wuerzburg.de\/#\/schema\/person\/image\/","url":"https:\/\/secure.gravatar.com\/avatar\/808f49732d9c033b5550e3f675d4e948?s=96&d=mm&r=g","contentUrl":"https:\/\/secure.gravatar.com\/avatar\/808f49732d9c033b5550e3f675d4e948?s=96&d=mm&r=g","caption":"ptwadmin"},"url":"https:\/\/psnv-wuerzburg.de\/?author=1"}]}},"_links":{"self":[{"href":"https:\/\/psnv-wuerzburg.de\/index.php?rest_route=\/wp\/v2\/pages\/92"}],"collection":[{"href":"https:\/\/psnv-wuerzburg.de\/index.php?rest_route=\/wp\/v2\/pages"}],"about":[{"href":"https:\/\/psnv-wuerzburg.de\/index.php?rest_route=\/wp\/v2\/types\/page"}],"author":[{"embeddable":true,"href":"https:\/\/psnv-wuerzburg.de\/index.php?rest_route=\/wp\/v2\/users\/1"}],"replies":[{"embeddable":true,"href":"https:\/\/psnv-wuerzburg.de\/index.php?rest_route=%2Fwp%2Fv2%2Fcomments&post=92"}],"version-history":[{"count":9,"href":"https:\/\/psnv-wuerzburg.de\/index.php?rest_route=\/wp\/v2\/pages\/92\/revisions"}],"predecessor-version":[{"id":318,"href":"https:\/\/psnv-wuerzburg.de\/index.php?rest_route=\/wp\/v2\/pages\/92\/revisions\/318"}],"up":[{"embeddable":true,"href":"https:\/\/psnv-wuerzburg.de\/index.php?rest_route=\/wp\/v2\/pages\/2"}],"wp:featuredmedia":[{"embeddable":true,"href":"https:\/\/psnv-wuerzburg.de\/index.php?rest_route=\/wp\/v2\/media\/156"}],"wp:attachment":[{"href":"https:\/\/psnv-wuerzburg.de\/index.php?rest_route=%2Fwp%2Fv2%2Fmedia&parent=92"}],"curies":[{"name":"wp","href":"https:\/\/api.w.org\/{rel}","templated":true}]}}